{"id":12445,"date":"2020-03-28T15:10:25","date_gmt":"2020-03-28T15:10:25","guid":{"rendered":"https:\/\/pluscomply.com\/?page_id=12445"},"modified":"2020-03-28T15:10:25","modified_gmt":"2020-03-28T15:10:25","slug":"video-category-2","status":"publish","type":"page","link":"https:\/\/pluscomply.com\/?page_id=12445","title":{"rendered":"Video Category"},"content":{"rendered":"<p class=\"aiovg-breadcrumbs\"><span><a href=\"https:\/\/pluscomply.com\">Home<\/a><\/span> \u00bb <span>Video Category<\/span><\/p>\r\n<div id=\"aiovg-69f0eb627768e1\" class=\"aiovg aiovg-categories aiovg-categories-template-grid\">\r\n        \r\n    <div class=\"aiovg-section-categories aiovg-grid aiovg-row\">\r\n                    \r\n            <div class=\"aiovg-item-category aiovg-item-category-438 aiovg-col aiovg-col-2\" data-id=\"438\">\t\t\r\n                \n<div class=\"aiovg-thumbnail\">\n    <a href=\"https:\/\/pluscomply.com\/?page_id=12445&#038;aiovg_category=corporativos\" class=\"aiovg-responsive-container\" style=\"padding-bottom: 56.25%;\">\n        <img decoding=\"async\" src=\"https:\/\/pluscomply.com\/wp-content\/plugins\/all-in-one-video-gallery\/public\/assets\/images\/placeholder-image.png\" class=\"aiovg-responsive-element\" alt=\"Corporativos\" \/>\n    <\/a>\n    \n    <div class=\"aiovg-caption\">\n        <div class=\"aiovg-title\">\n            <a href=\"https:\/\/pluscomply.com\/?page_id=12445&#038;aiovg_category=corporativos\" class=\"aiovg-link-title\">\n                Corporativos            <\/a>\n        <\/div>        \n\n                    <div class=\"aiovg-count aiovg-flex aiovg-gap-1 aiovg-items-center aiovg-text-muted aiovg-text-small\">\n                <svg xmlns=\"http:\/\/www.w3.org\/2000\/svg\" fill=\"none\" width=\"16\" height=\"16\" viewBox=\"0 0 24 24\" stroke-width=\"1.5\" stroke=\"currentColor\" class=\"aiovg-flex-shrink-0\">\n                    <path stroke-linecap=\"round\" stroke-linejoin=\"round\" d=\"M21 12a9 9 0 1 1-18 0 9 9 0 0 1 18 0Z\" \/>\n                    <path stroke-linecap=\"round\" stroke-linejoin=\"round\" d=\"M15.91 11.672a.375.375 0 0 1 0 .656l-5.603 3.113a.375.375 0 0 1-.557-.328V8.887c0-.286.307-.466.557-.327l5.603 3.112Z\" \/>\n                <\/svg>\n                1 video            <\/div>\n         \n        \n                    <div class=\"aiovg-description\">\n                <p>Videos relacionados a funcionalidades, caracter\u00edsticas o promociones de Plus Comply<\/p>\n            <\/div>\n            <\/div>            \t\t\t\n<\/div>\t\t\r\n            <\/div> \r\n                    \r\n            <div class=\"aiovg-item-category aiovg-item-category-367 aiovg-col aiovg-col-2\" data-id=\"367\">\t\t\r\n                \n<div class=\"aiovg-thumbnail\">\n    <a href=\"https:\/\/pluscomply.com\/?page_id=12445&#038;aiovg_category=entrevistas-de-compliance\" class=\"aiovg-responsive-container\" style=\"padding-bottom: 56.25%;\">\n        <img decoding=\"async\" src=\"https:\/\/pluscomply.com\/wp-content\/uploads\/2020\/02\/Entrevista-b-1.png\" class=\"aiovg-responsive-element\" alt=\"Entrevistas\" \/>\n    <\/a>\n    \n    <div class=\"aiovg-caption\">\n        <div class=\"aiovg-title\">\n            <a href=\"https:\/\/pluscomply.com\/?page_id=12445&#038;aiovg_category=entrevistas-de-compliance\" class=\"aiovg-link-title\">\n                Entrevistas            <\/a>\n        <\/div>        \n\n                    <div class=\"aiovg-count aiovg-flex aiovg-gap-1 aiovg-items-center aiovg-text-muted aiovg-text-small\">\n                <svg xmlns=\"http:\/\/www.w3.org\/2000\/svg\" fill=\"none\" width=\"16\" height=\"16\" viewBox=\"0 0 24 24\" stroke-width=\"1.5\" stroke=\"currentColor\" class=\"aiovg-flex-shrink-0\">\n                    <path stroke-linecap=\"round\" stroke-linejoin=\"round\" d=\"M21 12a9 9 0 1 1-18 0 9 9 0 0 1 18 0Z\" \/>\n                    <path stroke-linecap=\"round\" stroke-linejoin=\"round\" d=\"M15.91 11.672a.375.375 0 0 1 0 .656l-5.603 3.113a.375.375 0 0 1-.557-.328V8.887c0-.286.307-.466.557-.327l5.603 3.112Z\" \/>\n                <\/svg>\n                12 videos            <\/div>\n         \n        \n                    <div class=\"aiovg-description\">\n                <p>Reconocidos expertos internacionales y autoridades en materia de compliance ofrecen valiosas recomendaciones y comparten sus conocimientos en estas entrevistas exclusivas.<\/p>\n            <\/div>\n            <\/div>            \t\t\t\n<\/div>\t\t\r\n            <\/div> \r\n                    \r\n            <div class=\"aiovg-item-category aiovg-item-category-369 aiovg-col aiovg-col-2\" data-id=\"369\">\t\t\r\n                \n<div class=\"aiovg-thumbnail\">\n    <a href=\"https:\/\/pluscomply.com\/?page_id=12445&#038;aiovg_category=microlearning\" class=\"aiovg-responsive-container\" style=\"padding-bottom: 56.25%;\">\n        <img decoding=\"async\" src=\"https:\/\/pluscomply.com\/wp-content\/uploads\/2020\/02\/Microlearning-b.png\" class=\"aiovg-responsive-element\" alt=\"Microlearning\" \/>\n    <\/a>\n    \n    <div class=\"aiovg-caption\">\n        <div class=\"aiovg-title\">\n            <a href=\"https:\/\/pluscomply.com\/?page_id=12445&#038;aiovg_category=microlearning\" class=\"aiovg-link-title\">\n                Microlearning            <\/a>\n        <\/div>        \n\n                    <div class=\"aiovg-count aiovg-flex aiovg-gap-1 aiovg-items-center aiovg-text-muted aiovg-text-small\">\n                <svg xmlns=\"http:\/\/www.w3.org\/2000\/svg\" fill=\"none\" width=\"16\" height=\"16\" viewBox=\"0 0 24 24\" stroke-width=\"1.5\" stroke=\"currentColor\" class=\"aiovg-flex-shrink-0\">\n                    <path stroke-linecap=\"round\" stroke-linejoin=\"round\" d=\"M21 12a9 9 0 1 1-18 0 9 9 0 0 1 18 0Z\" \/>\n                    <path stroke-linecap=\"round\" stroke-linejoin=\"round\" d=\"M15.91 11.672a.375.375 0 0 1 0 .656l-5.603 3.113a.375.375 0 0 1-.557-.328V8.887c0-.286.307-.466.557-.327l5.603 3.112Z\" \/>\n                <\/svg>\n                33 videos            <\/div>\n         \n        \n                    <div class=\"aiovg-description\">\n                <p>Los Microlearning son videos cortos explicativos que abordan t\u00f3picos espec\u00edficos\u00a0 y\/o que contienen recomendaciones sobre cumplimiento y otros temas de inter\u00e9s para las empresas y profesionales regulados.<\/p>\n            <\/div>\n            <\/div>            \t\t\t\n<\/div>\t\t\r\n            <\/div> \r\n                    \r\n            <div class=\"aiovg-item-category aiovg-item-category-368 aiovg-col aiovg-col-2\" data-id=\"368\">\t\t\r\n                \n<div class=\"aiovg-thumbnail\">\n    <a href=\"https:\/\/pluscomply.com\/?page_id=12445&#038;aiovg_category=otros-recursos-multimedia\" class=\"aiovg-responsive-container\" style=\"padding-bottom: 56.25%;\">\n        <img decoding=\"async\" src=\"https:\/\/pluscomply.com\/wp-content\/uploads\/2020\/02\/Entrevistas-b.png\" class=\"aiovg-responsive-element\" alt=\"Otros Recursos\" \/>\n    <\/a>\n    \n    <div class=\"aiovg-caption\">\n        <div class=\"aiovg-title\">\n            <a href=\"https:\/\/pluscomply.com\/?page_id=12445&#038;aiovg_category=otros-recursos-multimedia\" class=\"aiovg-link-title\">\n                Otros Recursos            <\/a>\n        <\/div>        \n\n                    <div class=\"aiovg-count aiovg-flex aiovg-gap-1 aiovg-items-center aiovg-text-muted aiovg-text-small\">\n                <svg xmlns=\"http:\/\/www.w3.org\/2000\/svg\" fill=\"none\" width=\"16\" height=\"16\" viewBox=\"0 0 24 24\" stroke-width=\"1.5\" stroke=\"currentColor\" class=\"aiovg-flex-shrink-0\">\n                    <path stroke-linecap=\"round\" stroke-linejoin=\"round\" d=\"M21 12a9 9 0 1 1-18 0 9 9 0 0 1 18 0Z\" \/>\n                    <path stroke-linecap=\"round\" stroke-linejoin=\"round\" d=\"M15.91 11.672a.375.375 0 0 1 0 .656l-5.603 3.113a.375.375 0 0 1-.557-.328V8.887c0-.286.307-.466.557-.327l5.603 3.112Z\" \/>\n                <\/svg>\n                9 videos            <\/div>\n         \n        \n                    <div class=\"aiovg-description\">\n                <p>A trav\u00e9s de mesas redondas virtuales, animaciones, extractos de pel\u00edculas, documentales y otros materiales multimedia se refuerza la formaci\u00f3n en compliance de una forma din\u00e1mica y precisa.<\/p>\n            <\/div>\n            <\/div>            \t\t\t\n<\/div>\t\t\r\n            <\/div> \r\n                    \r\n            <div class=\"aiovg-item-category aiovg-item-category-370 aiovg-col aiovg-col-2\" data-id=\"370\">\t\t\r\n                \n<div class=\"aiovg-thumbnail\">\n    <a href=\"https:\/\/pluscomply.com\/?page_id=12445&#038;aiovg_category=webinars\" class=\"aiovg-responsive-container\" style=\"padding-bottom: 56.25%;\">\n        <img decoding=\"async\" src=\"https:\/\/pluscomply.com\/wp-content\/uploads\/2020\/02\/webinars-b.png\" class=\"aiovg-responsive-element\" alt=\"Webinars\" \/>\n    <\/a>\n    \n    <div class=\"aiovg-caption\">\n        <div class=\"aiovg-title\">\n            <a href=\"https:\/\/pluscomply.com\/?page_id=12445&#038;aiovg_category=webinars\" class=\"aiovg-link-title\">\n                Webinars            <\/a>\n        <\/div>        \n\n                    <div class=\"aiovg-count aiovg-flex aiovg-gap-1 aiovg-items-center aiovg-text-muted aiovg-text-small\">\n                <svg xmlns=\"http:\/\/www.w3.org\/2000\/svg\" fill=\"none\" width=\"16\" height=\"16\" viewBox=\"0 0 24 24\" stroke-width=\"1.5\" stroke=\"currentColor\" class=\"aiovg-flex-shrink-0\">\n                    <path stroke-linecap=\"round\" stroke-linejoin=\"round\" d=\"M21 12a9 9 0 1 1-18 0 9 9 0 0 1 18 0Z\" \/>\n                    <path stroke-linecap=\"round\" stroke-linejoin=\"round\" d=\"M15.91 11.672a.375.375 0 0 1 0 .656l-5.603 3.113a.375.375 0 0 1-.557-.328V8.887c0-.286.307-.466.557-.327l5.603 3.112Z\" \/>\n                <\/svg>\n                11 videos            <\/div>\n         \n        \n                    <div class=\"aiovg-description\">\n                <p>Los seminarios virtuales (webinars) son un recurso de formaci\u00f3n que facilita el aprendizaje asincr\u00f3nico sobre temas espec\u00edficos, que son abordados de una forma amplia por uno o varios expertos. Se recomienda descargar el material de apoyo de cada seminario.<\/p>\n            <\/div>\n            <\/div>            \t\t\t\n<\/div>\t\t\r\n            <\/div> \r\n            <\/div>\r\n\r\n    <\/div>\n","protected":false},"excerpt":{"rendered":"","protected":false},"author":1,"featured_media":0,"parent":0,"menu_order":31,"comment_status":"closed","ping_status":"closed","template":"","meta":{"_et_pb_use_builder":"","_et_pb_old_content":"","_et_gb_content_width":"","footnotes":""},"ams_acf":[],"yoast_head":"<!-- This site is optimized with the Yoast SEO plugin v20.0 - https:\/\/yoast.com\/wordpress\/plugins\/seo\/ -->\n<title>Video Category | Plus Comply<\/title>\n<meta name=\"description\" content=\"El equipo de Plus Comply puede ayudarte a implementar en s\u00f3lo d\u00edas un programa de formaci\u00f3n virtual para todo el personal, sin importar su ubicaci\u00f3n, sin invertir en desarrollo y con el soporte individualizado en espa\u00f1ol.\" \/>\n<meta name=\"robots\" content=\"index, follow, max-snippet:-1, max-image-preview:large, max-video-preview:-1\" \/>\n<link rel=\"canonical\" href=\"https:\/\/pluscomply.com\/?page_id=12445\" \/>\n<meta property=\"og:locale\" content=\"es_ES\" \/>\n<meta property=\"og:type\" content=\"article\" \/>\n<meta property=\"og:title\" content=\"Video Category | Plus Comply\" \/>\n<meta property=\"og:description\" content=\"El equipo de Plus Comply puede ayudarte a implementar en s\u00f3lo d\u00edas un programa de formaci\u00f3n virtual para todo el personal, sin importar su ubicaci\u00f3n, sin invertir en desarrollo y con el soporte individualizado en espa\u00f1ol.\" \/>\n<meta property=\"og:url\" content=\"https:\/\/pluscomply.com\/?page_id=12445\" \/>\n<meta property=\"og:site_name\" content=\"Plus Comply\" \/>\n<meta property=\"article:publisher\" content=\"https:\/\/www.facebook.com\/pluscomplylive\" \/>\n<meta name=\"twitter:card\" content=\"summary_large_image\" \/>\n<meta name=\"twitter:site\" content=\"@pluscomplylive\" \/>\n<script type=\"application\/ld+json\" class=\"yoast-schema-graph\">{\"@context\":\"https:\/\/schema.org\",\"@graph\":[{\"@type\":\"WebPage\",\"@id\":\"https:\/\/pluscomply.com\/?page_id=12445\",\"url\":\"https:\/\/pluscomply.com\/?page_id=12445\",\"name\":\"Video Category | Plus Comply\",\"isPartOf\":{\"@id\":\"https:\/\/pluscomply.com\/#website\"},\"datePublished\":\"2020-03-28T15:10:25+00:00\",\"dateModified\":\"2020-03-28T15:10:25+00:00\",\"description\":\"El equipo de Plus Comply puede ayudarte a implementar en s\u00f3lo d\u00edas un programa de formaci\u00f3n virtual para todo el personal, sin importar su ubicaci\u00f3n, sin invertir en desarrollo y con el soporte individualizado en espa\u00f1ol.\",\"breadcrumb\":{\"@id\":\"https:\/\/pluscomply.com\/?page_id=12445#breadcrumb\"},\"inLanguage\":\"es\",\"potentialAction\":[{\"@type\":\"ReadAction\",\"target\":[\"https:\/\/pluscomply.com\/?page_id=12445\"]}]},{\"@type\":\"BreadcrumbList\",\"@id\":\"https:\/\/pluscomply.com\/?page_id=12445#breadcrumb\",\"itemListElement\":[{\"@type\":\"ListItem\",\"position\":1,\"name\":\"Portada\",\"item\":\"https:\/\/pluscomply.com\/\"},{\"@type\":\"ListItem\",\"position\":2,\"name\":\"Video Category\"}]},{\"@type\":\"WebSite\",\"@id\":\"https:\/\/pluscomply.com\/#website\",\"url\":\"https:\/\/pluscomply.com\/\",\"name\":\"Plus Comply\",\"description\":\"Capacitaci\u00f3n y Servicios en Compliance\",\"potentialAction\":[{\"@type\":\"SearchAction\",\"target\":{\"@type\":\"EntryPoint\",\"urlTemplate\":\"https:\/\/pluscomply.com\/?s={search_term_string}\"},\"query-input\":\"required name=search_term_string\"}],\"inLanguage\":\"es\"}]}<\/script>\n<!-- \/ Yoast SEO plugin. -->","yoast_head_json":{"title":"Video Category | Plus Comply","description":"El equipo de Plus Comply puede ayudarte a implementar en s\u00f3lo d\u00edas un programa de formaci\u00f3n virtual para todo el personal, sin importar su ubicaci\u00f3n, sin invertir en desarrollo y con el soporte individualizado en espa\u00f1ol.","robots":{"index":"index","follow":"follow","max-snippet":"max-snippet:-1","max-image-preview":"max-image-preview:large","max-video-preview":"max-video-preview:-1"},"canonical":"https:\/\/pluscomply.com\/?page_id=12445","og_locale":"es_ES","og_type":"article","og_title":"Video Category | Plus Comply","og_description":"El equipo de Plus Comply puede ayudarte a implementar en s\u00f3lo d\u00edas un programa de formaci\u00f3n virtual para todo el personal, sin importar su ubicaci\u00f3n, sin invertir en desarrollo y con el soporte individualizado en espa\u00f1ol.","og_url":"https:\/\/pluscomply.com\/?page_id=12445","og_site_name":"Plus Comply","article_publisher":"https:\/\/www.facebook.com\/pluscomplylive","twitter_card":"summary_large_image","twitter_site":"@pluscomplylive","schema":{"@context":"https:\/\/schema.org","@graph":[{"@type":"WebPage","@id":"https:\/\/pluscomply.com\/?page_id=12445","url":"https:\/\/pluscomply.com\/?page_id=12445","name":"Video Category | Plus Comply","isPartOf":{"@id":"https:\/\/pluscomply.com\/#website"},"datePublished":"2020-03-28T15:10:25+00:00","dateModified":"2020-03-28T15:10:25+00:00","description":"El equipo de Plus Comply puede ayudarte a implementar en s\u00f3lo d\u00edas un programa de formaci\u00f3n virtual para todo el personal, sin importar su ubicaci\u00f3n, sin invertir en desarrollo y con el soporte individualizado en espa\u00f1ol.","breadcrumb":{"@id":"https:\/\/pluscomply.com\/?page_id=12445#breadcrumb"},"inLanguage":"es","potentialAction":[{"@type":"ReadAction","target":["https:\/\/pluscomply.com\/?page_id=12445"]}]},{"@type":"BreadcrumbList","@id":"https:\/\/pluscomply.com\/?page_id=12445#breadcrumb","itemListElement":[{"@type":"ListItem","position":1,"name":"Portada","item":"https:\/\/pluscomply.com\/"},{"@type":"ListItem","position":2,"name":"Video Category"}]},{"@type":"WebSite","@id":"https:\/\/pluscomply.com\/#website","url":"https:\/\/pluscomply.com\/","name":"Plus Comply","description":"Capacitaci\u00f3n y Servicios en Compliance","potentialAction":[{"@type":"SearchAction","target":{"@type":"EntryPoint","urlTemplate":"https:\/\/pluscomply.com\/?s={search_term_string}"},"query-input":"required name=search_term_string"}],"inLanguage":"es"}]}},"_links":{"self":[{"href":"https:\/\/pluscomply.com\/index.php?rest_route=\/wp\/v2\/pages\/12445"}],"collection":[{"href":"https:\/\/pluscomply.com\/index.php?rest_route=\/wp\/v2\/pages"}],"about":[{"href":"https:\/\/pluscomply.com\/index.php?rest_route=\/wp\/v2\/types\/page"}],"author":[{"embeddable":true,"href":"https:\/\/pluscomply.com\/index.php?rest_route=\/wp\/v2\/users\/1"}],"replies":[{"embeddable":true,"href":"https:\/\/pluscomply.com\/index.php?rest_route=%2Fwp%2Fv2%2Fcomments&post=12445"}],"version-history":[{"count":0,"href":"https:\/\/pluscomply.com\/index.php?rest_route=\/wp\/v2\/pages\/12445\/revisions"}],"wp:attachment":[{"href":"https:\/\/pluscomply.com\/index.php?rest_route=%2Fwp%2Fv2%2Fmedia&parent=12445"}],"curies":[{"name":"wp","href":"https:\/\/api.w.org\/{rel}","templated":true}]}}