{"id":14232,"date":"2021-05-17T16:44:41","date_gmt":"2021-05-17T20:44:41","guid":{"rendered":"https:\/\/pluscomply.com\/?page_id=14232"},"modified":"2024-09-10T22:48:34","modified_gmt":"2024-09-11T02:48:34","slug":"14232-2","status":"publish","type":"page","link":"https:\/\/pluscomply.com\/?page_id=14232","title":{"rendered":"Tutorial"},"content":{"rendered":"<p>[et_pb_section fb_built=&#8221;1&#8243; _builder_version=&#8221;4.23.4&#8243; _module_preset=&#8221;default&#8221; background_image=&#8221;https:\/\/pluscomply.com\/wp-content\/uploads\/2023\/03\/bg-tutorial-desktop.png&#8221; min_height=&#8221;298px&#8221; min_height_tablet=&#8221;295px&#8221; min_height_phone=&#8221;379px&#8221; min_height_last_edited=&#8221;on|phone&#8221; height_tablet=&#8221;&#8221; height_phone=&#8221;&#8221; height_last_edited=&#8221;on|desktop&#8221; background_last_edited=&#8221;on|phone&#8221; background_image_phone=&#8221;https:\/\/pluscomply.com\/wp-content\/uploads\/2023\/03\/bg-tutorial-movil.png&#8221; background_enable_image_phone=&#8221;on&#8221; global_colors_info=&#8221;{}&#8221;][et_pb_row _builder_version=&#8221;4.23.4&#8243; _module_preset=&#8221;default&#8221; custom_margin=&#8221;||0px||false|false&#8221; custom_padding=&#8221;||0px||false|false&#8221; global_colors_info=&#8221;{}&#8221;][et_pb_column type=&#8221;4_4&#8243; _builder_version=&#8221;4.19.5&#8243; _module_preset=&#8221;default&#8221; global_colors_info=&#8221;{}&#8221;][et_pb_text _builder_version=&#8221;4.23.4&#8243; _module_preset=&#8221;default&#8221; header_font=&#8221;Cabin|700|||||||&#8221; header_text_align=&#8221;center&#8221; header_text_color=&#8221;#FFFFFF&#8221; header_font_size=&#8221;40px&#8221; header_line_height=&#8221;80px&#8221; custom_margin=&#8221;||15px||false|false&#8221; custom_margin_tablet=&#8221;||15px||false|false&#8221; custom_margin_phone=&#8221;||15px||false|false&#8221; custom_margin_last_edited=&#8221;on|desktop&#8221; custom_padding=&#8221;||0px||false|false&#8221; hover_enabled=&#8221;0&#8243; header_text_align_tablet=&#8221;left&#8221; header_text_align_phone=&#8221;left&#8221; header_text_align_last_edited=&#8221;on|phone&#8221; header_font_size_tablet=&#8221;33px&#8221; header_font_size_phone=&#8221;33px&#8221; header_font_size_last_edited=&#8221;on|phone&#8221; header_line_height_tablet=&#8221;64px&#8221; header_line_height_phone=&#8221;64px&#8221; header_line_height_last_edited=&#8221;on|desktop&#8221; global_colors_info=&#8221;{}&#8221; sticky_enabled=&#8221;0&#8243;]<\/p>\n<h1>Tutorial<\/h1>\n<p>[\/et_pb_text][et_pb_text _builder_version=&#8221;4.23.4&#8243; _module_preset=&#8221;default&#8221; text_font=&#8221;Cabin|600|||||||&#8221; text_text_color=&#8221;#FFFFFF&#8221; text_font_size=&#8221;24px&#8221; text_line_height=&#8221;31px&#8221; header_font_size=&#8221;21px&#8221; header_3_font_size=&#8221;18px&#8221; header_3_line_height=&#8221;1.5em&#8221; text_orientation=&#8221;center&#8221; custom_margin=&#8221;-12px||0px||false|false&#8221; custom_padding=&#8221;0px||0px||false|false&#8221; text_font_size_tablet=&#8221;21px&#8221; text_font_size_phone=&#8221;21px&#8221; text_font_size_last_edited=&#8221;on|tablet&#8221; text_orientation_tablet=&#8221;left&#8221; text_orientation_phone=&#8221;left&#8221; text_orientation_last_edited=&#8221;on|phone&#8221; global_colors_info=&#8221;{}&#8221;]<\/p>\n<h3><span style=\"color: #ffffff;\">Plus Comply ofrece m\u00faltiples recursos de formaci\u00f3n. En el siguiente video se muestra c\u00f3mo acceder al aula virtual con los cursos e-learning, as\u00ed como a otras secciones del centro de entrenamiento.<\/span><\/h3>\n<p>[\/et_pb_text][\/et_pb_column][\/et_pb_row][\/et_pb_section][et_pb_section fb_built=&#8221;1&#8243; module_class=&#8221;seccion-video-tutorial&#8221; _builder_version=&#8221;4.23.4&#8243; min_height_tablet=&#8221;502px&#8221; min_height_phone=&#8221;411px&#8221; min_height_last_edited=&#8221;on|phone&#8221; max_height=&#8221;1000px&#8221; max_height_tablet=&#8221;&#8221; max_height_phone=&#8221;&#8221; max_height_last_edited=&#8221;on|tablet&#8221; custom_margin=&#8221;0px||0px||false|false&#8221; custom_margin_tablet=&#8221;0px||0px||false|false&#8221; custom_margin_phone=&#8221;0px||0px||false|false&#8221; custom_margin_last_edited=&#8221;on|phone&#8221; custom_padding=&#8221;4px||2px||false|false&#8221; global_colors_info=&#8221;{}&#8221;][et_pb_row _builder_version=&#8221;4.23.4&#8243; _module_preset=&#8221;default&#8221; custom_margin=&#8221;0px||||false|false&#8221; custom_margin_tablet=&#8221;35px||||false|false&#8221; custom_margin_phone=&#8221;35px||||false|false&#8221; custom_margin_last_edited=&#8221;on|desktop&#8221; custom_padding=&#8221;0px||0px||true|false&#8221; global_colors_info=&#8221;{}&#8221;][et_pb_column type=&#8221;4_4&#8243; _builder_version=&#8221;4.16&#8243; _module_preset=&#8221;default&#8221; global_colors_info=&#8221;{}&#8221;][et_pb_video src=&#8221;https:\/\/vimeo.com\/920312400?share=copy&#8221; _builder_version=&#8221;4.23.4&#8243; _module_preset=&#8221;default&#8221; custom_margin=&#8221;35px||||false|false&#8221; custom_margin_tablet=&#8221;0px||0px||false|false&#8221; custom_margin_phone=&#8221;0px||0px||false|false&#8221; custom_margin_last_edited=&#8221;on|desktop&#8221; custom_padding=&#8221;0px||0px||false|false&#8221; global_colors_info=&#8221;{}&#8221;][\/et_pb_video][\/et_pb_column][\/et_pb_row][et_pb_row _builder_version=&#8221;4.23.4&#8243; _module_preset=&#8221;default&#8221; custom_margin=&#8221;14px||18px||false|false&#8221; custom_margin_tablet=&#8221;14px||18px||false|false&#8221; custom_margin_phone=&#8221;5px||0px||false|false&#8221; custom_margin_last_edited=&#8221;on|desktop&#8221; global_colors_info=&#8221;{}&#8221;][et_pb_column type=&#8221;4_4&#8243; _builder_version=&#8221;4.23.4&#8243; _module_preset=&#8221;default&#8221; global_colors_info=&#8221;{}&#8221;][et_pb_text _builder_version=&#8221;4.23.4&#8243; _module_preset=&#8221;default&#8221; text_font_size=&#8221;13px&#8221; custom_margin=&#8221;0px||-18px||false|false&#8221; custom_margin_tablet=&#8221;0px||-18px||false|false&#8221; custom_margin_phone=&#8221;0px||-18px||false|false&#8221; custom_margin_last_edited=&#8221;on|phone&#8221; custom_padding=&#8221;21px||0px||false|false&#8221; global_colors_info=&#8221;{}&#8221;]<\/p>\n<p>En caso de que no se ejecute el video, le sugerimos actualizar el navegador o utilizar otro navegador. Es posible que algunas restricciones de seguridad del dispositivo y de la red puedan afectar la activaci\u00f3n de videos.<\/p>\n<p>[\/et_pb_text][\/et_pb_column][\/et_pb_row][\/et_pb_section]<\/p>\n","protected":false},"excerpt":{"rendered":"<p>TutorialPlus Comply ofrece m\u00faltiples recursos de formaci\u00f3n. En el siguiente video se muestra c\u00f3mo acceder al aula virtual con los [&hellip;]<\/p>\n","protected":false},"author":860,"featured_media":0,"parent":0,"menu_order":16,"comment_status":"closed","ping_status":"closed","template":"","meta":{"_et_pb_use_builder":"on","_et_pb_old_content":"","_et_gb_content_width":"","footnotes":""},"ams_acf":[],"yoast_head":"<!-- This site is optimized with the Yoast SEO plugin v20.0 - https:\/\/yoast.com\/wordpress\/plugins\/seo\/ -->\n<title>Tutorial | Plus Comply<\/title>\n<meta name=\"description\" content=\"El equipo de Plus Comply puede ayudarte a implementar en s\u00f3lo d\u00edas un programa de formaci\u00f3n virtual para todo el personal, sin importar su ubicaci\u00f3n, sin invertir en desarrollo y con el soporte individualizado en espa\u00f1ol.\" \/>\n<meta name=\"robots\" content=\"index, follow, max-snippet:-1, max-image-preview:large, max-video-preview:-1\" \/>\n<link rel=\"canonical\" href=\"https:\/\/pluscomply.com\/?page_id=14232\" \/>\n<meta property=\"og:locale\" content=\"es_ES\" \/>\n<meta property=\"og:type\" content=\"article\" \/>\n<meta property=\"og:title\" content=\"Tutorial | Plus Comply\" \/>\n<meta property=\"og:description\" content=\"El equipo de Plus Comply puede ayudarte a implementar en s\u00f3lo d\u00edas un programa de formaci\u00f3n virtual para todo el personal, sin importar su ubicaci\u00f3n, sin invertir en desarrollo y con el soporte individualizado en espa\u00f1ol.\" \/>\n<meta property=\"og:url\" content=\"https:\/\/pluscomply.com\/?page_id=14232\" \/>\n<meta property=\"og:site_name\" content=\"Plus Comply\" \/>\n<meta property=\"article:publisher\" content=\"https:\/\/www.facebook.com\/pluscomplylive\" \/>\n<meta property=\"article:modified_time\" content=\"2024-09-11T02:48:34+00:00\" \/>\n<meta name=\"twitter:card\" content=\"summary_large_image\" \/>\n<meta name=\"twitter:site\" content=\"@pluscomplylive\" \/>\n<meta name=\"twitter:label1\" content=\"Tiempo de lectura\" \/>\n\t<meta name=\"twitter:data1\" content=\"3 minutos\" \/>\n<script type=\"application\/ld+json\" class=\"yoast-schema-graph\">{\"@context\":\"https:\/\/schema.org\",\"@graph\":[{\"@type\":\"WebPage\",\"@id\":\"https:\/\/pluscomply.com\/?page_id=14232\",\"url\":\"https:\/\/pluscomply.com\/?page_id=14232\",\"name\":\"Tutorial | Plus Comply\",\"isPartOf\":{\"@id\":\"https:\/\/pluscomply.com\/#website\"},\"datePublished\":\"2021-05-17T20:44:41+00:00\",\"dateModified\":\"2024-09-11T02:48:34+00:00\",\"description\":\"El equipo de Plus Comply puede ayudarte a implementar en s\u00f3lo d\u00edas un programa de formaci\u00f3n virtual para todo el personal, sin importar su ubicaci\u00f3n, sin invertir en desarrollo y con el soporte individualizado en espa\u00f1ol.\",\"breadcrumb\":{\"@id\":\"https:\/\/pluscomply.com\/?page_id=14232#breadcrumb\"},\"inLanguage\":\"es\",\"potentialAction\":[{\"@type\":\"ReadAction\",\"target\":[\"https:\/\/pluscomply.com\/?page_id=14232\"]}]},{\"@type\":\"BreadcrumbList\",\"@id\":\"https:\/\/pluscomply.com\/?page_id=14232#breadcrumb\",\"itemListElement\":[{\"@type\":\"ListItem\",\"position\":1,\"name\":\"Portada\",\"item\":\"https:\/\/pluscomply.com\/\"},{\"@type\":\"ListItem\",\"position\":2,\"name\":\"Tutorial\"}]},{\"@type\":\"WebSite\",\"@id\":\"https:\/\/pluscomply.com\/#website\",\"url\":\"https:\/\/pluscomply.com\/\",\"name\":\"Plus Comply\",\"description\":\"Capacitaci\u00f3n y Servicios en Compliance\",\"potentialAction\":[{\"@type\":\"SearchAction\",\"target\":{\"@type\":\"EntryPoint\",\"urlTemplate\":\"https:\/\/pluscomply.com\/?s={search_term_string}\"},\"query-input\":\"required name=search_term_string\"}],\"inLanguage\":\"es\"}]}<\/script>\n<!-- \/ Yoast SEO plugin. -->","yoast_head_json":{"title":"Tutorial | Plus Comply","description":"El equipo de Plus Comply puede ayudarte a implementar en s\u00f3lo d\u00edas un programa de formaci\u00f3n virtual para todo el personal, sin importar su ubicaci\u00f3n, sin invertir en desarrollo y con el soporte individualizado en espa\u00f1ol.","robots":{"index":"index","follow":"follow","max-snippet":"max-snippet:-1","max-image-preview":"max-image-preview:large","max-video-preview":"max-video-preview:-1"},"canonical":"https:\/\/pluscomply.com\/?page_id=14232","og_locale":"es_ES","og_type":"article","og_title":"Tutorial | Plus Comply","og_description":"El equipo de Plus Comply puede ayudarte a implementar en s\u00f3lo d\u00edas un programa de formaci\u00f3n virtual para todo el personal, sin importar su ubicaci\u00f3n, sin invertir en desarrollo y con el soporte individualizado en espa\u00f1ol.","og_url":"https:\/\/pluscomply.com\/?page_id=14232","og_site_name":"Plus Comply","article_publisher":"https:\/\/www.facebook.com\/pluscomplylive","article_modified_time":"2024-09-11T02:48:34+00:00","twitter_card":"summary_large_image","twitter_site":"@pluscomplylive","twitter_misc":{"Tiempo de lectura":"3 minutos"},"schema":{"@context":"https:\/\/schema.org","@graph":[{"@type":"WebPage","@id":"https:\/\/pluscomply.com\/?page_id=14232","url":"https:\/\/pluscomply.com\/?page_id=14232","name":"Tutorial | Plus Comply","isPartOf":{"@id":"https:\/\/pluscomply.com\/#website"},"datePublished":"2021-05-17T20:44:41+00:00","dateModified":"2024-09-11T02:48:34+00:00","description":"El equipo de Plus Comply puede ayudarte a implementar en s\u00f3lo d\u00edas un programa de formaci\u00f3n virtual para todo el personal, sin importar su ubicaci\u00f3n, sin invertir en desarrollo y con el soporte individualizado en espa\u00f1ol.","breadcrumb":{"@id":"https:\/\/pluscomply.com\/?page_id=14232#breadcrumb"},"inLanguage":"es","potentialAction":[{"@type":"ReadAction","target":["https:\/\/pluscomply.com\/?page_id=14232"]}]},{"@type":"BreadcrumbList","@id":"https:\/\/pluscomply.com\/?page_id=14232#breadcrumb","itemListElement":[{"@type":"ListItem","position":1,"name":"Portada","item":"https:\/\/pluscomply.com\/"},{"@type":"ListItem","position":2,"name":"Tutorial"}]},{"@type":"WebSite","@id":"https:\/\/pluscomply.com\/#website","url":"https:\/\/pluscomply.com\/","name":"Plus Comply","description":"Capacitaci\u00f3n y Servicios en Compliance","potentialAction":[{"@type":"SearchAction","target":{"@type":"EntryPoint","urlTemplate":"https:\/\/pluscomply.com\/?s={search_term_string}"},"query-input":"required name=search_term_string"}],"inLanguage":"es"}]}},"_links":{"self":[{"href":"https:\/\/pluscomply.com\/index.php?rest_route=\/wp\/v2\/pages\/14232"}],"collection":[{"href":"https:\/\/pluscomply.com\/index.php?rest_route=\/wp\/v2\/pages"}],"about":[{"href":"https:\/\/pluscomply.com\/index.php?rest_route=\/wp\/v2\/types\/page"}],"author":[{"embeddable":true,"href":"https:\/\/pluscomply.com\/index.php?rest_route=\/wp\/v2\/users\/860"}],"replies":[{"embeddable":true,"href":"https:\/\/pluscomply.com\/index.php?rest_route=%2Fwp%2Fv2%2Fcomments&post=14232"}],"version-history":[{"count":25,"href":"https:\/\/pluscomply.com\/index.php?rest_route=\/wp\/v2\/pages\/14232\/revisions"}],"predecessor-version":[{"id":24711,"href":"https:\/\/pluscomply.com\/index.php?rest_route=\/wp\/v2\/pages\/14232\/revisions\/24711"}],"wp:attachment":[{"href":"https:\/\/pluscomply.com\/index.php?rest_route=%2Fwp%2Fv2%2Fmedia&parent=14232"}],"curies":[{"name":"wp","href":"https:\/\/api.w.org\/{rel}","templated":true}]}}