{"id":21422,"date":"2023-04-10T13:23:00","date_gmt":"2023-04-10T17:23:00","guid":{"rendered":"https:\/\/pluscomply.com\/?page_id=21422"},"modified":"2023-04-10T13:51:51","modified_gmt":"2023-04-10T17:51:51","slug":"administracion-de-riesgos","status":"publish","type":"page","link":"https:\/\/pluscomply.com\/?page_id=21422","title":{"rendered":"Administraci\u00f3n de Riesgos"},"content":{"rendered":"<p>[et_pb_section fb_built=&#8221;1&#8243; theme_builder_area=&#8221;post_content&#8221; _builder_version=&#8221;4.19.5&#8243; _module_preset=&#8221;default&#8221;][et_pb_row _builder_version=&#8221;4.19.5&#8243; _module_preset=&#8221;default&#8221; theme_builder_area=&#8221;post_content&#8221;][et_pb_column _builder_version=&#8221;4.19.5&#8243; _module_preset=&#8221;default&#8221; type=&#8221;4_4&#8243; theme_builder_area=&#8221;post_content&#8221;][et_pb_code _builder_version=&#8221;4.19.5&#8243; _module_preset=&#8221;default&#8221; theme_builder_area=&#8221;post_content&#8221; hover_enabled=&#8221;0&#8243; sticky_enabled=&#8221;0&#8243;]<div id=\"ld-course-list-content-5578b19e839069bcb3ef781ad53b3827\" class=\"ld-course-list-content\" data-shortcode-atts=\"{&quot;course_cat&quot;:&quot;447&quot;}\">\n\t\t\t<div class=\"ld-course-list-items row\">\n\t\t<\/div>\n\t\t\t<\/div>\n\t\t[\/et_pb_code][\/et_pb_column][\/et_pb_row][\/et_pb_section]<\/p>\n","protected":false},"excerpt":{"rendered":"<div id=\"ld-course-list-content-5578b19e839069bcb3ef781ad53b3827\" class=\"ld-course-list-content\" data-shortcode-atts=\"{&quot;course_cat&quot;:&quot;447&quot;}\">\n\t\t\t<div class=\"ld-course-list-items row\">\n\t\t<\/div>\n\t\t\t<\/div>\n\t\t\n","protected":false},"author":6509,"featured_media":0,"parent":0,"menu_order":0,"comment_status":"closed","ping_status":"closed","template":"","meta":{"_et_pb_use_builder":"on","_et_pb_old_content":"<!-- wp:divi\/placeholder \/-->","_et_gb_content_width":"","footnotes":""},"ams_acf":[],"yoast_head":"<!-- This site is optimized with the Yoast SEO plugin v20.0 - https:\/\/yoast.com\/wordpress\/plugins\/seo\/ -->\n<title>Administraci\u00f3n de Riesgos | Plus Comply<\/title>\n<meta name=\"description\" content=\"El equipo de Plus Comply puede ayudarte a implementar en s\u00f3lo d\u00edas un programa de formaci\u00f3n virtual para todo el personal, sin importar su ubicaci\u00f3n, sin invertir en desarrollo y con el soporte individualizado en espa\u00f1ol.\" \/>\n<meta name=\"robots\" content=\"index, follow, max-snippet:-1, max-image-preview:large, max-video-preview:-1\" \/>\n<link rel=\"canonical\" href=\"https:\/\/pluscomply.com\/?page_id=21422\" \/>\n<meta property=\"og:locale\" content=\"es_ES\" \/>\n<meta property=\"og:type\" content=\"article\" \/>\n<meta property=\"og:title\" content=\"Administraci\u00f3n de Riesgos | Plus Comply\" \/>\n<meta property=\"og:description\" content=\"El equipo de Plus Comply puede ayudarte a implementar en s\u00f3lo d\u00edas un programa de formaci\u00f3n virtual para todo el personal, sin importar su ubicaci\u00f3n, sin invertir en desarrollo y con el soporte individualizado en espa\u00f1ol.\" \/>\n<meta property=\"og:url\" content=\"https:\/\/pluscomply.com\/?page_id=21422\" \/>\n<meta property=\"og:site_name\" content=\"Plus Comply\" \/>\n<meta property=\"article:publisher\" content=\"https:\/\/www.facebook.com\/pluscomplylive\" \/>\n<meta property=\"article:modified_time\" content=\"2023-04-10T17:51:51+00:00\" \/>\n<meta name=\"twitter:card\" content=\"summary_large_image\" \/>\n<meta name=\"twitter:site\" content=\"@pluscomplylive\" \/>\n<script type=\"application\/ld+json\" class=\"yoast-schema-graph\">{\"@context\":\"https:\/\/schema.org\",\"@graph\":[{\"@type\":\"WebPage\",\"@id\":\"https:\/\/pluscomply.com\/?page_id=21422\",\"url\":\"https:\/\/pluscomply.com\/?page_id=21422\",\"name\":\"Administraci\u00f3n de Riesgos | Plus Comply\",\"isPartOf\":{\"@id\":\"https:\/\/pluscomply.com\/#website\"},\"datePublished\":\"2023-04-10T17:23:00+00:00\",\"dateModified\":\"2023-04-10T17:51:51+00:00\",\"description\":\"El equipo de Plus Comply puede ayudarte a implementar en s\u00f3lo d\u00edas un programa de formaci\u00f3n virtual para todo el personal, sin importar su ubicaci\u00f3n, sin invertir en desarrollo y con el soporte individualizado en espa\u00f1ol.\",\"breadcrumb\":{\"@id\":\"https:\/\/pluscomply.com\/?page_id=21422#breadcrumb\"},\"inLanguage\":\"es\",\"potentialAction\":[{\"@type\":\"ReadAction\",\"target\":[\"https:\/\/pluscomply.com\/?page_id=21422\"]}]},{\"@type\":\"BreadcrumbList\",\"@id\":\"https:\/\/pluscomply.com\/?page_id=21422#breadcrumb\",\"itemListElement\":[{\"@type\":\"ListItem\",\"position\":1,\"name\":\"Portada\",\"item\":\"https:\/\/pluscomply.com\/\"},{\"@type\":\"ListItem\",\"position\":2,\"name\":\"Administraci\u00f3n de Riesgos\"}]},{\"@type\":\"WebSite\",\"@id\":\"https:\/\/pluscomply.com\/#website\",\"url\":\"https:\/\/pluscomply.com\/\",\"name\":\"Plus Comply\",\"description\":\"Capacitaci\u00f3n y Servicios en Compliance\",\"potentialAction\":[{\"@type\":\"SearchAction\",\"target\":{\"@type\":\"EntryPoint\",\"urlTemplate\":\"https:\/\/pluscomply.com\/?s={search_term_string}\"},\"query-input\":\"required name=search_term_string\"}],\"inLanguage\":\"es\"}]}<\/script>\n<!-- \/ Yoast SEO plugin. -->","yoast_head_json":{"title":"Administraci\u00f3n de Riesgos | Plus Comply","description":"El equipo de Plus Comply puede ayudarte a implementar en s\u00f3lo d\u00edas un programa de formaci\u00f3n virtual para todo el personal, sin importar su ubicaci\u00f3n, sin invertir en desarrollo y con el soporte individualizado en espa\u00f1ol.","robots":{"index":"index","follow":"follow","max-snippet":"max-snippet:-1","max-image-preview":"max-image-preview:large","max-video-preview":"max-video-preview:-1"},"canonical":"https:\/\/pluscomply.com\/?page_id=21422","og_locale":"es_ES","og_type":"article","og_title":"Administraci\u00f3n de Riesgos | Plus Comply","og_description":"El equipo de Plus Comply puede ayudarte a implementar en s\u00f3lo d\u00edas un programa de formaci\u00f3n virtual para todo el personal, sin importar su ubicaci\u00f3n, sin invertir en desarrollo y con el soporte individualizado en espa\u00f1ol.","og_url":"https:\/\/pluscomply.com\/?page_id=21422","og_site_name":"Plus Comply","article_publisher":"https:\/\/www.facebook.com\/pluscomplylive","article_modified_time":"2023-04-10T17:51:51+00:00","twitter_card":"summary_large_image","twitter_site":"@pluscomplylive","schema":{"@context":"https:\/\/schema.org","@graph":[{"@type":"WebPage","@id":"https:\/\/pluscomply.com\/?page_id=21422","url":"https:\/\/pluscomply.com\/?page_id=21422","name":"Administraci\u00f3n de Riesgos | Plus Comply","isPartOf":{"@id":"https:\/\/pluscomply.com\/#website"},"datePublished":"2023-04-10T17:23:00+00:00","dateModified":"2023-04-10T17:51:51+00:00","description":"El equipo de Plus Comply puede ayudarte a implementar en s\u00f3lo d\u00edas un programa de formaci\u00f3n virtual para todo el personal, sin importar su ubicaci\u00f3n, sin invertir en desarrollo y con el soporte individualizado en espa\u00f1ol.","breadcrumb":{"@id":"https:\/\/pluscomply.com\/?page_id=21422#breadcrumb"},"inLanguage":"es","potentialAction":[{"@type":"ReadAction","target":["https:\/\/pluscomply.com\/?page_id=21422"]}]},{"@type":"BreadcrumbList","@id":"https:\/\/pluscomply.com\/?page_id=21422#breadcrumb","itemListElement":[{"@type":"ListItem","position":1,"name":"Portada","item":"https:\/\/pluscomply.com\/"},{"@type":"ListItem","position":2,"name":"Administraci\u00f3n de Riesgos"}]},{"@type":"WebSite","@id":"https:\/\/pluscomply.com\/#website","url":"https:\/\/pluscomply.com\/","name":"Plus Comply","description":"Capacitaci\u00f3n y Servicios en Compliance","potentialAction":[{"@type":"SearchAction","target":{"@type":"EntryPoint","urlTemplate":"https:\/\/pluscomply.com\/?s={search_term_string}"},"query-input":"required name=search_term_string"}],"inLanguage":"es"}]}},"_links":{"self":[{"href":"https:\/\/pluscomply.com\/index.php?rest_route=\/wp\/v2\/pages\/21422"}],"collection":[{"href":"https:\/\/pluscomply.com\/index.php?rest_route=\/wp\/v2\/pages"}],"about":[{"href":"https:\/\/pluscomply.com\/index.php?rest_route=\/wp\/v2\/types\/page"}],"author":[{"embeddable":true,"href":"https:\/\/pluscomply.com\/index.php?rest_route=\/wp\/v2\/users\/6509"}],"replies":[{"embeddable":true,"href":"https:\/\/pluscomply.com\/index.php?rest_route=%2Fwp%2Fv2%2Fcomments&post=21422"}],"version-history":[{"count":5,"href":"https:\/\/pluscomply.com\/index.php?rest_route=\/wp\/v2\/pages\/21422\/revisions"}],"predecessor-version":[{"id":21427,"href":"https:\/\/pluscomply.com\/index.php?rest_route=\/wp\/v2\/pages\/21422\/revisions\/21427"}],"wp:attachment":[{"href":"https:\/\/pluscomply.com\/index.php?rest_route=%2Fwp%2Fv2%2Fmedia&parent=21422"}],"curies":[{"name":"wp","href":"https:\/\/api.w.org\/{rel}","templated":true}]}}