{"id":21438,"date":"2023-04-10T14:00:08","date_gmt":"2023-04-10T18:00:08","guid":{"rendered":"https:\/\/pluscomply.com\/?page_id=21438"},"modified":"2023-04-10T14:11:50","modified_gmt":"2023-04-10T18:11:50","slug":"etica-y-gobierno-corporativo-3","status":"publish","type":"page","link":"https:\/\/pluscomply.com\/?page_id=21438","title":{"rendered":"\u00c9tica y Gobierno Corporativo"},"content":{"rendered":"<p>[et_pb_section fb_built=&#8221;1&#8243; _builder_version=&#8221;4.19.5&#8243; _module_preset=&#8221;default&#8221; global_colors_info=&#8221;{}&#8221;][et_pb_row _builder_version=&#8221;4.19.5&#8243; _module_preset=&#8221;default&#8221; global_colors_info=&#8221;{}&#8221;][et_pb_column type=&#8221;4_4&#8243; _builder_version=&#8221;4.19.5&#8243; _module_preset=&#8221;default&#8221; global_colors_info=&#8221;{}&#8221;][et_pb_code _builder_version=&#8221;4.19.5&#8243; _module_preset=&#8221;default&#8221; global_colors_info=&#8221;{}&#8221;]<div id=\"ld-course-list-content-d42ff778893fc474b1ea763dcea9a44e\" class=\"ld-course-list-content\" data-shortcode-atts=\"{&quot;course_cat&quot;:&quot;451&quot;}\">\n\t\t\t<div class=\"ld-course-list-items row\">\n\t<!-- LearnDash Course Grid v1 --><div class=\"ld_course_grid col-sm-8 col-md-4 \">\n\t<article id=\"post-24399\" class=\" thumbnail course post-24399 sfwd-courses type-sfwd-courses status-publish has-post-thumbnail hentry ld_course_category-cumplimiento-ald-cft ld_course_category-etica-y-gobierno-corporativo ld_course_category-gestion-de-riesgos ld_course_category-junta-directiva-y-gerentes\">\n\t\t\t\t\t\n\t\t\t\t\t\t<a href=\"https:\/\/pluscomply.com\/?sfwd-courses=junta-directiva-gestion-prevencion-cumplimiento-ald-cft\" rel=\"bookmark\">\n\t\t\t\t<img loading=\"lazy\" decoding=\"async\" width=\"300\" height=\"138\" src=\"https:\/\/pluscomply.com\/wp-content\/uploads\/2024\/04\/Junta-Directiva-Gestion-de-la-Prevencion-y-el-Cumplimiento-300x138.jpg\" class=\"attachment-medium size-medium wp-post-image\" alt=\"\" \/>\t\t\t<\/a>\n\t\t\t\t\t\n\t\t\t\t\t<div class=\"caption\">\n\t\t\t\t<h3 class=\"entry-title\">JUNTA DIRECTIVA: Gesti\u00f3n de la Prevenci\u00f3n y del Cumplimiento ALD\/CFT<\/h3>\n\t\t\t\t\t\t\t\t<div class=\"ld_course_grid_button\"><a class=\"btn btn-primary\" role=\"button\" href=\"https:\/\/pluscomply.com\/?sfwd-courses=junta-directiva-gestion-prevencion-cumplimiento-ald-cft\" rel=\"bookmark\">Ver m\u00e1s<\/a><\/div>\n\t\t\t\t\t\t\t<\/div><!-- .entry-header -->\n\t\t\t<\/article><!-- #post-## -->\n<\/div><!-- .ld_course_grid -->\n<!-- LearnDash Course Grid v1 --><div class=\"ld_course_grid col-sm-8 col-md-4 \">\n\t<article id=\"post-24266\" class=\" thumbnail course post-24266 sfwd-courses type-sfwd-courses status-publish has-post-thumbnail hentry ld_course_category-etica-y-gobierno-corporativo ld_course_category-gestion-de-riesgos\">\n\t\t\t\t\t\n\t\t\t\t\t\t<a href=\"https:\/\/pluscomply.com\/?sfwd-courses=gestion-riesgos-eticos-asociados-empleados\" rel=\"bookmark\">\n\t\t\t\t<img loading=\"lazy\" decoding=\"async\" width=\"300\" height=\"138\" src=\"https:\/\/pluscomply.com\/wp-content\/uploads\/2024\/03\/Gestion-del-Riesgo-Asociado-a-los-Empleados-con-un-Enfoque-Etico-300x138.jpg\" class=\"attachment-medium size-medium wp-post-image\" alt=\"\" \/>\t\t\t<\/a>\n\t\t\t\t\t\n\t\t\t\t\t<div class=\"caption\">\n\t\t\t\t<h3 class=\"entry-title\">Gesti\u00f3n de Riesgos Asociados a los Empleados con un Enfoque \u00c9tico<\/h3>\n\t\t\t\t\t\t\t\t<div class=\"ld_course_grid_button\"><a class=\"btn btn-primary\" role=\"button\" href=\"https:\/\/pluscomply.com\/?sfwd-courses=gestion-riesgos-eticos-asociados-empleados\" rel=\"bookmark\">Ver m\u00e1s<\/a><\/div>\n\t\t\t\t\t\t\t<\/div><!-- .entry-header -->\n\t\t\t<\/article><!-- #post-## -->\n<\/div><!-- .ld_course_grid -->\n<!-- LearnDash Course Grid v1 --><div class=\"ld_course_grid col-sm-8 col-md-4 \">\n\t<article id=\"post-18386\" class=\" thumbnail course post-18386 sfwd-courses type-sfwd-courses status-publish has-post-thumbnail hentry ld_course_category-etica-y-gobierno-corporativo\">\n\t\t\t\t\t\n\t\t\t\t\t\t<a href=\"https:\/\/pluscomply.com\/?sfwd-courses=liderazgo-responsivo-responsable-desafios-disruptivos\" rel=\"bookmark\">\n\t\t\t\t<img loading=\"lazy\" decoding=\"async\" width=\"300\" height=\"138\" src=\"https:\/\/pluscomply.com\/wp-content\/uploads\/2023\/04\/Liderazgo-Responsivo-y-Responsable-Ante-Desafios-Disruptivos-300x138.jpg\" class=\"attachment-medium size-medium wp-post-image\" alt=\"\" \/>\t\t\t<\/a>\n\t\t\t\t\t\n\t\t\t\t\t<div class=\"caption\">\n\t\t\t\t<h3 class=\"entry-title\">Liderazgo Responsivo y Responsable Ante Desaf\u00edos Disruptivos<\/h3>\n\t\t\t\t\t\t\t\t<div class=\"ld_course_grid_button\"><a class=\"btn btn-primary\" role=\"button\" href=\"https:\/\/pluscomply.com\/?sfwd-courses=liderazgo-responsivo-responsable-desafios-disruptivos\" rel=\"bookmark\">Ver m\u00e1s<\/a><\/div>\n\t\t\t\t\t\t\t<\/div><!-- .entry-header -->\n\t\t\t<\/article><!-- #post-## -->\n<\/div><!-- .ld_course_grid -->\n<!-- LearnDash Course Grid v1 --><div class=\"ld_course_grid col-sm-8 col-md-4 \">\n\t<article id=\"post-17974\" class=\" thumbnail course post-17974 sfwd-courses type-sfwd-courses status-publish has-post-thumbnail hentry ld_course_category-cumplimiento-ald-cft ld_course_category-etica-y-gobierno-corporativo ld_course_category-junta-directiva-y-gerentes\">\n\t\t\t\t\t\n\t\t\t\t\t\t<a href=\"https:\/\/pluscomply.com\/?sfwd-courses=rol-lideres-organizacionales-cumplimiento-anticorrupcion\" rel=\"bookmark\">\n\t\t\t\t<img loading=\"lazy\" decoding=\"async\" width=\"300\" height=\"138\" src=\"https:\/\/pluscomply.com\/wp-content\/uploads\/2023\/04\/El-Rol-de-los-Lideres-Corporativos-en-el-Cumplimiento-Anticorrupcion-300x138.jpg\" class=\"attachment-medium size-medium wp-post-image\" alt=\"\" \/>\t\t\t<\/a>\n\t\t\t\t\t\n\t\t\t\t\t<div class=\"caption\">\n\t\t\t\t<h3 class=\"entry-title\">El Rol de los L\u00edderes Organizacionales en el Cumplimiento Anticorrupci\u00f3n<\/h3>\n\t\t\t\t\t\t\t\t<div class=\"ld_course_grid_button\"><a class=\"btn btn-primary\" role=\"button\" href=\"https:\/\/pluscomply.com\/?sfwd-courses=rol-lideres-organizacionales-cumplimiento-anticorrupcion\" rel=\"bookmark\">Ver m\u00e1s<\/a><\/div>\n\t\t\t\t\t\t\t<\/div><!-- .entry-header -->\n\t\t\t<\/article><!-- #post-## -->\n<\/div><!-- .ld_course_grid -->\n<!-- LearnDash Course Grid v1 --><div class=\"ld_course_grid col-sm-8 col-md-4 \">\n\t<article id=\"post-17945\" class=\" thumbnail course post-17945 sfwd-courses type-sfwd-courses status-publish has-post-thumbnail hentry ld_course_category-anticorrupcion-antisoborno ld_course_category-cumplimiento-ald-cft ld_course_category-etica-y-gobierno-corporativo ld_course_category-junta-directiva-y-gerentes\">\n\t\t\t\t\t\n\t\t\t\t\t\t<a href=\"https:\/\/pluscomply.com\/?sfwd-courses=gobierno-corporativo-etica-cultura-cumplimiento\" rel=\"bookmark\">\n\t\t\t\t<img loading=\"lazy\" decoding=\"async\" width=\"300\" height=\"138\" src=\"https:\/\/pluscomply.com\/wp-content\/uploads\/2023\/04\/Gobierno-Corporativo-Etica-y-Cultura-de-Cumplimiento-300x138.jpg\" class=\"attachment-medium size-medium wp-post-image\" alt=\"\" \/>\t\t\t<\/a>\n\t\t\t\t\t\n\t\t\t\t\t<div class=\"caption\">\n\t\t\t\t<h3 class=\"entry-title\">Gobierno Corporativo, \u00c9tica y Cultura de Cumplimiento<\/h3>\n\t\t\t\t\t\t\t\t<div class=\"ld_course_grid_button\"><a class=\"btn btn-primary\" role=\"button\" href=\"https:\/\/pluscomply.com\/?sfwd-courses=gobierno-corporativo-etica-cultura-cumplimiento\" rel=\"bookmark\">Ver m\u00e1s<\/a><\/div>\n\t\t\t\t\t\t\t<\/div><!-- .entry-header -->\n\t\t\t<\/article><!-- #post-## -->\n<\/div><!-- .ld_course_grid -->\n<!-- LearnDash Course Grid v1 --><div class=\"ld_course_grid col-sm-8 col-md-4 \">\n\t<article id=\"post-17591\" class=\" thumbnail course post-17591 sfwd-courses type-sfwd-courses status-publish has-post-thumbnail hentry ld_course_category-etica-y-gobierno-corporativo ld_course_category-junta-directiva-y-gerentes ld_course_category-sanciones-listas-negras\">\n\t\t\t\t\t\n\t\t\t\t\t\t<a href=\"https:\/\/pluscomply.com\/?sfwd-courses=capacitacion-antilavado-para-directores-y-gerentes-curso-ii\" rel=\"bookmark\">\n\t\t\t\t<img loading=\"lazy\" decoding=\"async\" width=\"300\" height=\"138\" src=\"https:\/\/pluscomply.com\/wp-content\/uploads\/2023\/04\/Capacitacion-Antilavado-Para-Directores-y-Gerentes-Curso-II-300x138.jpg\" class=\"attachment-medium size-medium wp-post-image\" alt=\"\" \/>\t\t\t<\/a>\n\t\t\t\t\t\n\t\t\t\t\t<div class=\"caption\">\n\t\t\t\t<h3 class=\"entry-title\">Capacitaci\u00f3n Antilavado Para Directores y Gerentes (Curso II)<\/h3>\n\t\t\t\t\t\t\t\t<div class=\"ld_course_grid_button\"><a class=\"btn btn-primary\" role=\"button\" href=\"https:\/\/pluscomply.com\/?sfwd-courses=capacitacion-antilavado-para-directores-y-gerentes-curso-ii\" rel=\"bookmark\">Ver m\u00e1s<\/a><\/div>\n\t\t\t\t\t\t\t<\/div><!-- .entry-header -->\n\t\t\t<\/article><!-- #post-## -->\n<\/div><!-- .ld_course_grid -->\n<!-- LearnDash Course Grid v1 --><div class=\"ld_course_grid col-sm-8 col-md-4 \">\n\t<article id=\"post-17582\" class=\" thumbnail course post-17582 sfwd-courses type-sfwd-courses status-publish has-post-thumbnail hentry ld_course_category-etica-y-gobierno-corporativo ld_course_category-junta-directiva-y-gerentes\">\n\t\t\t\t\t\n\t\t\t\t\t\t<a href=\"https:\/\/pluscomply.com\/?sfwd-courses=capacitacion-antilavado-para-directores-y-gerentes-curso-i\" rel=\"bookmark\">\n\t\t\t\t<img loading=\"lazy\" decoding=\"async\" width=\"300\" height=\"138\" src=\"https:\/\/pluscomply.com\/wp-content\/uploads\/2023\/04\/Capacitacion-Antilavado-Para-Directores-y-Gerentes-Curso-I-300x138.jpg\" class=\"attachment-medium size-medium wp-post-image\" alt=\"\" \/>\t\t\t<\/a>\n\t\t\t\t\t\n\t\t\t\t\t<div class=\"caption\">\n\t\t\t\t<h3 class=\"entry-title\">Capacitaci\u00f3n Antilavado Para Directores y Gerentes (Curso I)<\/h3>\n\t\t\t\t\t\t\t\t<div class=\"ld_course_grid_button\"><a class=\"btn btn-primary\" role=\"button\" href=\"https:\/\/pluscomply.com\/?sfwd-courses=capacitacion-antilavado-para-directores-y-gerentes-curso-i\" rel=\"bookmark\">Ver m\u00e1s<\/a><\/div>\n\t\t\t\t\t\t\t<\/div><!-- .entry-header -->\n\t\t\t<\/article><!-- #post-## -->\n<\/div><!-- .ld_course_grid -->\n\t<\/div>\n\t\t\t<\/div>\n\t\t[\/et_pb_code][\/et_pb_column][\/et_pb_row][\/et_pb_section]<\/p>\n","protected":false},"excerpt":{"rendered":"<div id=\"ld-course-list-content-d42ff778893fc474b1ea763dcea9a44e\" class=\"ld-course-list-content\" data-shortcode-atts=\"{&quot;course_cat&quot;:&quot;451&quot;}\">\n\t\t\t<div class=\"ld-course-list-items row\">\n\t<!-- LearnDash Course Grid v1 --><div class=\"ld_course_grid col-sm-8 col-md-4 \">\n\t<article id=\"post-24399\" class=\" thumbnail course post-24399 sfwd-courses type-sfwd-courses status-publish has-post-thumbnail hentry ld_course_category-cumplimiento-ald-cft ld_course_category-etica-y-gobierno-corporativo ld_course_category-gestion-de-riesgos ld_course_category-junta-directiva-y-gerentes\">\n\t\t\t\t\t\n\t\t\t\t\t\t<a href=\"https:\/\/pluscomply.com\/?sfwd-courses=junta-directiva-gestion-prevencion-cumplimiento-ald-cft\" rel=\"bookmark\">\n\t\t\t\t<img width=\"300\" height=\"138\" src=\"https:\/\/pluscomply.com\/wp-content\/uploads\/2024\/04\/Junta-Directiva-Gestion-de-la-Prevencion-y-el-Cumplimiento-300x138.jpg\" class=\"attachment-medium size-medium wp-post-image\" alt=\"\" decoding=\"async\" loading=\"lazy\" \/>\t\t\t<\/a>\n\t\t\t\t\t\n\t\t\t\t\t<div class=\"caption\">\n\t\t\t\t<h3 class=\"entry-title\">JUNTA DIRECTIVA: Gesti\u00f3n de la Prevenci\u00f3n y del Cumplimiento ALD\/CFT<\/h3>\n\t\t\t\t\t\t\t\t<div class=\"ld_course_grid_button\"><a class=\"btn btn-primary\" role=\"button\" href=\"https:\/\/pluscomply.com\/?sfwd-courses=junta-directiva-gestion-prevencion-cumplimiento-ald-cft\" rel=\"bookmark\">Ver m\u00e1s<\/a><\/div>\n\t\t\t\t\t\t\t<\/div><!-- .entry-header -->\n\t\t\t<\/article><!-- #post-## -->\n<\/div><!-- .ld_course_grid -->\n<!-- LearnDash Course Grid v1 --><div class=\"ld_course_grid col-sm-8 col-md-4 \">\n\t<article id=\"post-24266\" class=\" thumbnail course post-24266 sfwd-courses type-sfwd-courses status-publish has-post-thumbnail hentry ld_course_category-etica-y-gobierno-corporativo ld_course_category-gestion-de-riesgos\">\n\t\t\t\t\t\n\t\t\t\t\t\t<a href=\"https:\/\/pluscomply.com\/?sfwd-courses=gestion-riesgos-eticos-asociados-empleados\" rel=\"bookmark\">\n\t\t\t\t<img width=\"300\" height=\"138\" src=\"https:\/\/pluscomply.com\/wp-content\/uploads\/2024\/03\/Gestion-del-Riesgo-Asociado-a-los-Empleados-con-un-Enfoque-Etico-300x138.jpg\" class=\"attachment-medium size-medium wp-post-image\" alt=\"\" decoding=\"async\" loading=\"lazy\" \/>\t\t\t<\/a>\n\t\t\t\t\t\n\t\t\t\t\t<div class=\"caption\">\n\t\t\t\t<h3 class=\"entry-title\">Gesti\u00f3n de Riesgos Asociados a los Empleados con un Enfoque \u00c9tico<\/h3>\n\t\t\t\t\t\t\t\t<div class=\"ld_course_grid_button\"><a class=\"btn btn-primary\" role=\"button\" href=\"https:\/\/pluscomply.com\/?sfwd-courses=gestion-riesgos-eticos-asociados-empleados\" rel=\"bookmark\">Ver m\u00e1s<\/a><\/div>\n\t\t\t\t\t\t\t<\/div><!-- .entry-header -->\n\t\t\t<\/article><!-- #post-## -->\n<\/div><!-- .ld_course_grid -->\n<!-- LearnDash Course Grid v1 --><div class=\"ld_course_grid col-sm-8 col-md-4 \">\n\t<article id=\"post-18386\" class=\" thumbnail course post-18386 sfwd-courses type-sfwd-courses status-publish has-post-thumbnail hentry ld_course_category-etica-y-gobierno-corporativo\">\n\t\t\t\t\t\n\t\t\t\t\t\t<a href=\"https:\/\/pluscomply.com\/?sfwd-courses=liderazgo-responsivo-responsable-desafios-disruptivos\" rel=\"bookmark\">\n\t\t\t\t<img width=\"300\" height=\"138\" src=\"https:\/\/pluscomply.com\/wp-content\/uploads\/2023\/04\/Liderazgo-Responsivo-y-Responsable-Ante-Desafios-Disruptivos-300x138.jpg\" class=\"attachment-medium size-medium wp-post-image\" alt=\"\" decoding=\"async\" loading=\"lazy\" \/>\t\t\t<\/a>\n\t\t\t\t\t\n\t\t\t\t\t<div class=\"caption\">\n\t\t\t\t<h3 class=\"entry-title\">Liderazgo Responsivo y Responsable Ante Desaf\u00edos Disruptivos<\/h3>\n\t\t\t\t\t\t\t\t<div class=\"ld_course_grid_button\"><a class=\"btn btn-primary\" role=\"button\" href=\"https:\/\/pluscomply.com\/?sfwd-courses=liderazgo-responsivo-responsable-desafios-disruptivos\" rel=\"bookmark\">Ver m\u00e1s<\/a><\/div>\n\t\t\t\t\t\t\t<\/div><!-- .entry-header -->\n\t\t\t<\/article><!-- #post-## -->\n<\/div><!-- .ld_course_grid -->\n<!-- LearnDash Course Grid v1 --><div class=\"ld_course_grid col-sm-8 col-md-4 \">\n\t<article id=\"post-17974\" class=\" thumbnail course post-17974 sfwd-courses type-sfwd-courses status-publish has-post-thumbnail hentry ld_course_category-cumplimiento-ald-cft ld_course_category-etica-y-gobierno-corporativo ld_course_category-junta-directiva-y-gerentes\">\n\t\t\t\t\t\n\t\t\t\t\t\t<a href=\"https:\/\/pluscomply.com\/?sfwd-courses=rol-lideres-organizacionales-cumplimiento-anticorrupcion\" rel=\"bookmark\">\n\t\t\t\t<img width=\"300\" height=\"138\" src=\"https:\/\/pluscomply.com\/wp-content\/uploads\/2023\/04\/El-Rol-de-los-Lideres-Corporativos-en-el-Cumplimiento-Anticorrupcion-300x138.jpg\" class=\"attachment-medium size-medium wp-post-image\" alt=\"\" decoding=\"async\" loading=\"lazy\" \/>\t\t\t<\/a>\n\t\t\t\t\t\n\t\t\t\t\t<div class=\"caption\">\n\t\t\t\t<h3 class=\"entry-title\">El Rol de los L\u00edderes Organizacionales en el Cumplimiento Anticorrupci\u00f3n<\/h3>\n\t\t\t\t\t\t\t\t<div class=\"ld_course_grid_button\"><a class=\"btn btn-primary\" role=\"button\" href=\"https:\/\/pluscomply.com\/?sfwd-courses=rol-lideres-organizacionales-cumplimiento-anticorrupcion\" rel=\"bookmark\">Ver m\u00e1s<\/a><\/div>\n\t\t\t\t\t\t\t<\/div><!-- .entry-header -->\n\t\t\t<\/article><!-- #post-## -->\n<\/div><!-- .ld_course_grid -->\n<!-- LearnDash Course Grid v1 --><div class=\"ld_course_grid col-sm-8 col-md-4 \">\n\t<article id=\"post-17945\" class=\" thumbnail course post-17945 sfwd-courses type-sfwd-courses status-publish has-post-thumbnail hentry ld_course_category-anticorrupcion-antisoborno ld_course_category-cumplimiento-ald-cft ld_course_category-etica-y-gobierno-corporativo ld_course_category-junta-directiva-y-gerentes\">\n\t\t\t\t\t\n\t\t\t\t\t\t<a href=\"https:\/\/pluscomply.com\/?sfwd-courses=gobierno-corporativo-etica-cultura-cumplimiento\" rel=\"bookmark\">\n\t\t\t\t<img width=\"300\" height=\"138\" src=\"https:\/\/pluscomply.com\/wp-content\/uploads\/2023\/04\/Gobierno-Corporativo-Etica-y-Cultura-de-Cumplimiento-300x138.jpg\" class=\"attachment-medium size-medium wp-post-image\" alt=\"\" decoding=\"async\" loading=\"lazy\" \/>\t\t\t<\/a>\n\t\t\t\t\t\n\t\t\t\t\t<div class=\"caption\">\n\t\t\t\t<h3 class=\"entry-title\">Gobierno Corporativo, \u00c9tica y Cultura de Cumplimiento<\/h3>\n\t\t\t\t\t\t\t\t<div class=\"ld_course_grid_button\"><a class=\"btn btn-primary\" role=\"button\" href=\"https:\/\/pluscomply.com\/?sfwd-courses=gobierno-corporativo-etica-cultura-cumplimiento\" rel=\"bookmark\">Ver m\u00e1s<\/a><\/div>\n\t\t\t\t\t\t\t<\/div><!-- .entry-header -->\n\t\t\t<\/article><!-- #post-## -->\n<\/div><!-- .ld_course_grid -->\n<!-- LearnDash Course Grid v1 --><div class=\"ld_course_grid col-sm-8 col-md-4 \">\n\t<article id=\"post-17591\" class=\" thumbnail course post-17591 sfwd-courses type-sfwd-courses status-publish has-post-thumbnail hentry ld_course_category-etica-y-gobierno-corporativo ld_course_category-junta-directiva-y-gerentes ld_course_category-sanciones-listas-negras\">\n\t\t\t\t\t\n\t\t\t\t\t\t<a href=\"https:\/\/pluscomply.com\/?sfwd-courses=capacitacion-antilavado-para-directores-y-gerentes-curso-ii\" rel=\"bookmark\">\n\t\t\t\t<img width=\"300\" height=\"138\" src=\"https:\/\/pluscomply.com\/wp-content\/uploads\/2023\/04\/Capacitacion-Antilavado-Para-Directores-y-Gerentes-Curso-II-300x138.jpg\" class=\"attachment-medium size-medium wp-post-image\" alt=\"\" decoding=\"async\" loading=\"lazy\" \/>\t\t\t<\/a>\n\t\t\t\t\t\n\t\t\t\t\t<div class=\"caption\">\n\t\t\t\t<h3 class=\"entry-title\">Capacitaci\u00f3n Antilavado Para Directores y Gerentes (Curso II)<\/h3>\n\t\t\t\t\t\t\t\t<div class=\"ld_course_grid_button\"><a class=\"btn btn-primary\" role=\"button\" href=\"https:\/\/pluscomply.com\/?sfwd-courses=capacitacion-antilavado-para-directores-y-gerentes-curso-ii\" rel=\"bookmark\">Ver m\u00e1s<\/a><\/div>\n\t\t\t\t\t\t\t<\/div><!-- .entry-header -->\n\t\t\t<\/article><!-- #post-## -->\n<\/div><!-- .ld_course_grid -->\n<!-- LearnDash Course Grid v1 --><div class=\"ld_course_grid col-sm-8 col-md-4 \">\n\t<article id=\"post-17582\" class=\" thumbnail course post-17582 sfwd-courses type-sfwd-courses status-publish has-post-thumbnail hentry ld_course_category-etica-y-gobierno-corporativo ld_course_category-junta-directiva-y-gerentes\">\n\t\t\t\t\t\n\t\t\t\t\t\t<a href=\"https:\/\/pluscomply.com\/?sfwd-courses=capacitacion-antilavado-para-directores-y-gerentes-curso-i\" rel=\"bookmark\">\n\t\t\t\t<img width=\"300\" height=\"138\" src=\"https:\/\/pluscomply.com\/wp-content\/uploads\/2023\/04\/Capacitacion-Antilavado-Para-Directores-y-Gerentes-Curso-I-300x138.jpg\" class=\"attachment-medium size-medium wp-post-image\" alt=\"\" decoding=\"async\" loading=\"lazy\" \/>\t\t\t<\/a>\n\t\t\t\t\t\n\t\t\t\t\t<div class=\"caption\">\n\t\t\t\t<h3 class=\"entry-title\">Capacitaci\u00f3n Antilavado Para Directores y Gerentes (Curso I)<\/h3>\n\t\t\t\t\t\t\t\t<div class=\"ld_course_grid_button\"><a class=\"btn btn-primary\" role=\"button\" href=\"https:\/\/pluscomply.com\/?sfwd-courses=capacitacion-antilavado-para-directores-y-gerentes-curso-i\" rel=\"bookmark\">Ver m\u00e1s<\/a><\/div>\n\t\t\t\t\t\t\t<\/div><!-- .entry-header -->\n\t\t\t<\/article><!-- #post-## -->\n<\/div><!-- .ld_course_grid -->\n\t<\/div>\n\t\t\t<\/div>\n\t\t\n","protected":false},"author":6509,"featured_media":0,"parent":0,"menu_order":0,"comment_status":"closed","ping_status":"closed","template":"","meta":{"_et_pb_use_builder":"on","_et_pb_old_content":"","_et_gb_content_width":"","footnotes":""},"ams_acf":[],"yoast_head":"<!-- This site is optimized with the Yoast SEO plugin v20.0 - https:\/\/yoast.com\/wordpress\/plugins\/seo\/ -->\n<title>\u00c9tica y Gobierno Corporativo | Plus Comply<\/title>\n<meta name=\"description\" content=\"El equipo de Plus Comply puede ayudarte a implementar en s\u00f3lo d\u00edas un programa de formaci\u00f3n virtual para todo el personal, sin importar su ubicaci\u00f3n, sin invertir en desarrollo y con el soporte individualizado en espa\u00f1ol.\" \/>\n<meta name=\"robots\" content=\"index, follow, max-snippet:-1, max-image-preview:large, max-video-preview:-1\" \/>\n<link rel=\"canonical\" href=\"https:\/\/pluscomply.com\/?page_id=21438\" \/>\n<meta property=\"og:locale\" content=\"es_ES\" \/>\n<meta property=\"og:type\" content=\"article\" \/>\n<meta property=\"og:title\" content=\"\u00c9tica y Gobierno Corporativo | Plus Comply\" \/>\n<meta property=\"og:description\" content=\"El equipo de Plus Comply puede ayudarte a implementar en s\u00f3lo d\u00edas un programa de formaci\u00f3n virtual para todo el personal, sin importar su ubicaci\u00f3n, sin invertir en desarrollo y con el soporte individualizado en espa\u00f1ol.\" \/>\n<meta property=\"og:url\" content=\"https:\/\/pluscomply.com\/?page_id=21438\" \/>\n<meta property=\"og:site_name\" content=\"Plus Comply\" \/>\n<meta property=\"article:publisher\" content=\"https:\/\/www.facebook.com\/pluscomplylive\" \/>\n<meta property=\"article:modified_time\" content=\"2023-04-10T18:11:50+00:00\" \/>\n<meta name=\"twitter:card\" content=\"summary_large_image\" \/>\n<meta name=\"twitter:site\" content=\"@pluscomplylive\" \/>\n<script type=\"application\/ld+json\" class=\"yoast-schema-graph\">{\"@context\":\"https:\/\/schema.org\",\"@graph\":[{\"@type\":\"WebPage\",\"@id\":\"https:\/\/pluscomply.com\/?page_id=21438\",\"url\":\"https:\/\/pluscomply.com\/?page_id=21438\",\"name\":\"\u00c9tica y Gobierno Corporativo | Plus Comply\",\"isPartOf\":{\"@id\":\"https:\/\/pluscomply.com\/#website\"},\"datePublished\":\"2023-04-10T18:00:08+00:00\",\"dateModified\":\"2023-04-10T18:11:50+00:00\",\"description\":\"El equipo de Plus Comply puede ayudarte a implementar en s\u00f3lo d\u00edas un programa de formaci\u00f3n virtual para todo el personal, sin importar su ubicaci\u00f3n, sin invertir en desarrollo y con el soporte individualizado en espa\u00f1ol.\",\"breadcrumb\":{\"@id\":\"https:\/\/pluscomply.com\/?page_id=21438#breadcrumb\"},\"inLanguage\":\"es\",\"potentialAction\":[{\"@type\":\"ReadAction\",\"target\":[\"https:\/\/pluscomply.com\/?page_id=21438\"]}]},{\"@type\":\"BreadcrumbList\",\"@id\":\"https:\/\/pluscomply.com\/?page_id=21438#breadcrumb\",\"itemListElement\":[{\"@type\":\"ListItem\",\"position\":1,\"name\":\"Portada\",\"item\":\"https:\/\/pluscomply.com\/\"},{\"@type\":\"ListItem\",\"position\":2,\"name\":\"\u00c9tica y Gobierno Corporativo\"}]},{\"@type\":\"WebSite\",\"@id\":\"https:\/\/pluscomply.com\/#website\",\"url\":\"https:\/\/pluscomply.com\/\",\"name\":\"Plus Comply\",\"description\":\"Capacitaci\u00f3n y Servicios en Compliance\",\"potentialAction\":[{\"@type\":\"SearchAction\",\"target\":{\"@type\":\"EntryPoint\",\"urlTemplate\":\"https:\/\/pluscomply.com\/?s={search_term_string}\"},\"query-input\":\"required name=search_term_string\"}],\"inLanguage\":\"es\"}]}<\/script>\n<!-- \/ Yoast SEO plugin. -->","yoast_head_json":{"title":"\u00c9tica y Gobierno Corporativo | Plus Comply","description":"El equipo de Plus Comply puede ayudarte a implementar en s\u00f3lo d\u00edas un programa de formaci\u00f3n virtual para todo el personal, sin importar su ubicaci\u00f3n, sin invertir en desarrollo y con el soporte individualizado en espa\u00f1ol.","robots":{"index":"index","follow":"follow","max-snippet":"max-snippet:-1","max-image-preview":"max-image-preview:large","max-video-preview":"max-video-preview:-1"},"canonical":"https:\/\/pluscomply.com\/?page_id=21438","og_locale":"es_ES","og_type":"article","og_title":"\u00c9tica y Gobierno Corporativo | Plus Comply","og_description":"El equipo de Plus Comply puede ayudarte a implementar en s\u00f3lo d\u00edas un programa de formaci\u00f3n virtual para todo el personal, sin importar su ubicaci\u00f3n, sin invertir en desarrollo y con el soporte individualizado en espa\u00f1ol.","og_url":"https:\/\/pluscomply.com\/?page_id=21438","og_site_name":"Plus Comply","article_publisher":"https:\/\/www.facebook.com\/pluscomplylive","article_modified_time":"2023-04-10T18:11:50+00:00","twitter_card":"summary_large_image","twitter_site":"@pluscomplylive","schema":{"@context":"https:\/\/schema.org","@graph":[{"@type":"WebPage","@id":"https:\/\/pluscomply.com\/?page_id=21438","url":"https:\/\/pluscomply.com\/?page_id=21438","name":"\u00c9tica y Gobierno Corporativo | Plus Comply","isPartOf":{"@id":"https:\/\/pluscomply.com\/#website"},"datePublished":"2023-04-10T18:00:08+00:00","dateModified":"2023-04-10T18:11:50+00:00","description":"El equipo de Plus Comply puede ayudarte a implementar en s\u00f3lo d\u00edas un programa de formaci\u00f3n virtual para todo el personal, sin importar su ubicaci\u00f3n, sin invertir en desarrollo y con el soporte individualizado en espa\u00f1ol.","breadcrumb":{"@id":"https:\/\/pluscomply.com\/?page_id=21438#breadcrumb"},"inLanguage":"es","potentialAction":[{"@type":"ReadAction","target":["https:\/\/pluscomply.com\/?page_id=21438"]}]},{"@type":"BreadcrumbList","@id":"https:\/\/pluscomply.com\/?page_id=21438#breadcrumb","itemListElement":[{"@type":"ListItem","position":1,"name":"Portada","item":"https:\/\/pluscomply.com\/"},{"@type":"ListItem","position":2,"name":"\u00c9tica y Gobierno Corporativo"}]},{"@type":"WebSite","@id":"https:\/\/pluscomply.com\/#website","url":"https:\/\/pluscomply.com\/","name":"Plus Comply","description":"Capacitaci\u00f3n y Servicios en Compliance","potentialAction":[{"@type":"SearchAction","target":{"@type":"EntryPoint","urlTemplate":"https:\/\/pluscomply.com\/?s={search_term_string}"},"query-input":"required name=search_term_string"}],"inLanguage":"es"}]}},"_links":{"self":[{"href":"https:\/\/pluscomply.com\/index.php?rest_route=\/wp\/v2\/pages\/21438"}],"collection":[{"href":"https:\/\/pluscomply.com\/index.php?rest_route=\/wp\/v2\/pages"}],"about":[{"href":"https:\/\/pluscomply.com\/index.php?rest_route=\/wp\/v2\/types\/page"}],"author":[{"embeddable":true,"href":"https:\/\/pluscomply.com\/index.php?rest_route=\/wp\/v2\/users\/6509"}],"replies":[{"embeddable":true,"href":"https:\/\/pluscomply.com\/index.php?rest_route=%2Fwp%2Fv2%2Fcomments&post=21438"}],"version-history":[{"count":4,"href":"https:\/\/pluscomply.com\/index.php?rest_route=\/wp\/v2\/pages\/21438\/revisions"}],"predecessor-version":[{"id":21455,"href":"https:\/\/pluscomply.com\/index.php?rest_route=\/wp\/v2\/pages\/21438\/revisions\/21455"}],"wp:attachment":[{"href":"https:\/\/pluscomply.com\/index.php?rest_route=%2Fwp%2Fv2%2Fmedia&parent=21438"}],"curies":[{"name":"wp","href":"https:\/\/api.w.org\/{rel}","templated":true}]}}