{"id":3,"date":"2018-11-05T15:52:08","date_gmt":"2018-11-05T15:52:08","guid":{"rendered":"https:\/\/pluscomply.com\/?page_id=3"},"modified":"2025-06-20T11:33:15","modified_gmt":"2025-06-20T15:33:15","slug":"privacy-policy","status":"publish","type":"page","link":"https:\/\/pluscomply.com\/?page_id=3","title":{"rendered":"Pol\u00edticas de Privacidad"},"content":{"rendered":"<p>[et_pb_section fb_built=&#8221;1&#8243; _builder_version=&#8221;4.19.5&#8243; custom_margin=&#8221;0px||0px||false|false&#8221; custom_padding=&#8221;0px||0px||false|false&#8221; top_divider_height_tablet=&#8221;&#8221; top_divider_height_phone=&#8221;&#8221; top_divider_height_last_edited=&#8221;on|desktop&#8221; global_colors_info=&#8221;{}&#8221;][et_pb_row use_custom_gutter=&#8221;on&#8221; _builder_version=&#8221;4.19.5&#8243; background_image=&#8221;https:\/\/pluscomply.com\/wp-content\/uploads\/2023\/04\/Mask-group-7.png&#8221; width=&#8221;100%&#8221; max_width=&#8221;100%&#8221; min_height=&#8221;180px&#8221; custom_margin=&#8221;0px||0px||false|false&#8221; custom_margin_tablet=&#8221;&#8221; custom_margin_phone=&#8221;&#8221; custom_margin_last_edited=&#8221;on|phone&#8221; custom_padding=&#8221;25px|0px|20px|0px|false|false&#8221; custom_css_main_element=&#8221;    display: flex;||    align-items: center;||    justify-content: center;&#8221; use_custom_width=&#8221;on&#8221; width_unit=&#8221;off&#8221; custom_width_percent=&#8221;100%&#8221; global_colors_info=&#8221;{}&#8221;][et_pb_column type=&#8221;4_4&#8243; _builder_version=&#8221;4.16&#8243; custom_padding=&#8221;|||&#8221; global_colors_info=&#8221;{}&#8221; custom_padding__hover=&#8221;|||&#8221;][et_pb_text _builder_version=&#8221;4.19.5&#8243; _module_preset=&#8221;default&#8221; text_font=&#8221;Source Sans Pro|700|||||||&#8221; text_text_color=&#8221;#FFFFFF&#8221; header_font=&#8221;Source Sans Pro||||||||&#8221; header_text_align=&#8221;center&#8221; header_text_color=&#8221;#FFFFFF&#8221; header_font_size=&#8221;42px&#8221; header_line_height=&#8221;51px&#8221; custom_margin=&#8221;0px||0px||false|false&#8221; custom_padding=&#8221;0px||0px||false|false&#8221; global_colors_info=&#8221;{}&#8221;]<\/p>\n<h1 ><strong>Pol\u00edticas de Privacidad<\/strong><\/h1>\n<p>[\/et_pb_text][\/et_pb_column][\/et_pb_row][\/et_pb_section][et_pb_section fb_built=&#8221;1&#8243; _builder_version=&#8221;4.16&#8243; custom_padding=&#8221;54px||54px||false|false&#8221; global_colors_info=&#8221;{}&#8221;][et_pb_row _builder_version=&#8221;4.16&#8243; custom_margin=&#8221;0px||0px||false|false&#8221; custom_padding=&#8221;0px||0px||false|false&#8221; global_colors_info=&#8221;{}&#8221;][et_pb_column type=&#8221;4_4&#8243; _builder_version=&#8221;4.16&#8243; custom_padding=&#8221;|||&#8221; global_colors_info=&#8221;{}&#8221; custom_padding__hover=&#8221;|||&#8221;][et_pb_text _builder_version=&#8221;4.23.4&#8243; text_font=&#8221;Open Sans||||||||&#8221; text_text_color=&#8221;#7b7b7b&#8221; text_font_size=&#8221;19px&#8221; text_line_height=&#8221;1.8em&#8221; custom_margin=&#8221;||50px||false|false&#8221; hover_enabled=&#8221;0&#8243; text_line_height_tablet=&#8221;1.6em&#8221; text_line_height_phone=&#8221;&#8221; text_line_height_last_edited=&#8221;on|tablet&#8221; global_colors_info=&#8221;{}&#8221; sticky_enabled=&#8221;0&#8243;]Ideas Premium Solutions, Inc estamos consciente de que tus datos deben ser resguardados y protegidos con absoluta seriedad y compromiso. Es por eso que dise\u00f1amos nuestras Pol\u00edticas de Privacidad meticulosamente para garantizarte una excelente experiencia de usuario durante tu navegaci\u00f3n y uso de los recursos de Plus Comply.[\/et_pb_text][et_pb_text _builder_version=&#8221;4.19.5&#8243; _module_preset=&#8221;default&#8221; header_3_font=&#8221;Source Sans Pro|700|||||||&#8221; header_3_text_color=&#8221;#000000&#8243; custom_margin=&#8221;0px||0px||false|false&#8221; custom_padding=&#8221;0px||0px||false|false&#8221; global_colors_info=&#8221;{}&#8221;]<\/p>\n<h3 style=\"text-align: left;\"><strong>Recopilaci\u00f3n y Uso de la Informaci\u00f3n<\/strong><\/h3>\n<p>[\/et_pb_text][et_pb_text _builder_version=&#8221;4.23.4&#8243; text_font=&#8221;Open Sans||||||||&#8221; text_text_color=&#8221;#7b7b7b&#8221; text_font_size=&#8221;19px&#8221; text_line_height=&#8221;1.8em&#8221; custom_margin=&#8221;30px||35px||false|false&#8221; custom_padding=&#8221;0px|0px|0px|0px|false|false&#8221; hover_enabled=&#8221;0&#8243; text_line_height_tablet=&#8221;1.6em&#8221; text_line_height_phone=&#8221;&#8221; text_line_height_last_edited=&#8221;on|tablet&#8221; global_colors_info=&#8221;{}&#8221; sticky_enabled=&#8221;0&#8243;]Ideas Premium Solutions, Inc empresa propietaria y gestora del portal Plus Comply, puede recopilar informaci\u00f3n de identificaci\u00f3n personal, como su direcci\u00f3n de correo electr\u00f3nico, nombre, direcci\u00f3n f\u00edsica o n\u00famero de tel\u00e9fono, informaci\u00f3n demogr\u00e1fica an\u00f3nima, como su c\u00f3digo postal, edad, g\u00e9nero, etc. La informaci\u00f3n sobre el hardware y el software de su computadora tambi\u00e9n puede ser recopilada autom\u00e1ticamente. Esta informaci\u00f3n puede incluir: su direcci\u00f3n IP, tipo de navegador, nombres de dominio, horarios de acceso y direcciones de sitios web de referencia. Esta informaci\u00f3n es utilizada por Ideas Premium Solutions, Inc para la operaci\u00f3n del servicio, para mantener su calidad y para proporcionar estad\u00edsticas generales sobre el uso de los Servicios.<\/p>\n<p>Ideas Premium Solutions, Inc no es responsable de las declaraciones de privacidad u otro contenido en sitios web fuera de Plus Comply o de cualquier otro webiste operado por la empresa.[\/et_pb_text][et_pb_text _builder_version=&#8221;4.23.4&#8243; text_font=&#8221;Open Sans||||||||&#8221; text_text_color=&#8221;#7b7b7b&#8221; text_font_size=&#8221;19px&#8221; text_line_height=&#8221;1.8em&#8221; custom_margin=&#8221;30px||35px||false|false&#8221; custom_padding=&#8221;0px|0px|0px|0px|false|false&#8221; hover_enabled=&#8221;0&#8243; text_line_height_tablet=&#8221;1.6em&#8221; text_line_height_phone=&#8221;&#8221; text_line_height_last_edited=&#8221;on|tablet&#8221; global_colors_info=&#8221;{}&#8221; sticky_enabled=&#8221;0&#8243;]Ideas Premium Solutions, Inc tambi\u00e9n puede usar su informaci\u00f3n de identificaci\u00f3n personal para informarle sobre otros productos o servicios disponibles, tanto de Plus Comply como de otros productos o servicios. Ideas Premium Solutions, Inc tambi\u00e9n puede ponerse en contacto con usted para participar en encuestas para realizar investigaciones sobre los servicios actuales o sobre posibles servicios nuevos que puedan ofrecerse.<\/p>\n<p>Ideas Premium Solutions, Inc no vende ni alquila sus listas de clientes a terceros. Ideas Premium Solutions, Inc pudiera contactarlo a trav\u00e9s de socios comerciales externos para ofrecerle alguna oferta en particular que pueda ser de su inter\u00e9s. Ideas Premium Solutions, Inc pudiera compartir datos con socios confiables para ayudarnos a realizar un an\u00e1lisis estad\u00edstico, enviarle correos electr\u00f3nicos o correos postales, proporcionar atenci\u00f3n al cliente o hacer arreglos para entregas.<\/p>\n<p>Ideas Premium Solutions, Inc pudiera compartir su informaci\u00f3n con terceros que realizan tareas requeridas para completar una transacci\u00f3n de compra. Se proh\u00edbe a dichos terceros utilizar su informaci\u00f3n personal, excepto para proporcionar estos servicios y est\u00e1n obligados a mantener la confidencialidad de su informaci\u00f3n.<\/p>\n<p>Ideas Premium Solutions, Inc realiza un seguimiento de las p\u00e1ginas que visitan nuestros clientes dentro de nuestros sitios web. Tenga en cuenta que cualquier se\u00f1al de \u201cno seguimiento\u201d enviada por su navegador web u otro mecanismo no tiene ning\u00fan efecto en la recopilaci\u00f3n de informaci\u00f3n de identificaci\u00f3n personal por parte de Ideas Premium Solutions, Inc. Adem\u00e1s, otras partes que realizan an\u00e1lisis de datos para Ideas Premium Solutions, Inc, como Google Analytics, pueden recopilar informaci\u00f3n de identificaci\u00f3n personal sobre sus actividades en l\u00ednea cuando utiliza nuestros servicios. Los terceros afiliados de Ideas Premium Solutions, Inc pueden tener pol\u00edticas diferentes con respecto a las se\u00f1ales de \u201cno rastrear\u201d e Ideas Premium Solutions, Inc no hace ninguna representaci\u00f3n con respecto a dichas pol\u00edticas.<\/p>\n<p>Ideas Premium Solutions, Inc utiliza el seguimiento para crear audiencias de remarketing de usuarios en funci\u00f3n del comportamiento del usuario \/ sus visitas a nuestro sitio web. Ideas Premium Solutions, Inc tambi\u00e9n puede dirigirse a estos usuarios con anuncios personalizados basados \u200b\u200ben afinidades \/ intereses, se\u00f1ales geogr\u00e1ficas y demogr\u00e1ficas. Ideas Premium Solutions, Inc s\u00f3lo comparte datos a nivel de navegador a trav\u00e9s de un seguimiento de proveedores externos como Google Analytics. Los usuarios pueden optar por no participar en estas funciones de publicidad visitando Google o recursos como la p\u00e1gina de exclusi\u00f3n de consumidores de NAI. Ideas Premium Solutions, Inc puede usar direcciones de correo electr\u00f3nico para dirigirse a los usuarios con anuncios personalizados a trav\u00e9s de plataformas publicitarias de terceros. Ideas Premium Solutions, Inc pudiera compartir informaci\u00f3n del cliente con terceros proveedores de servicios publicitarios o de ventas en nuestro nombre.[\/et_pb_text][et_pb_text _builder_version=&#8221;4.16&#8243; _module_preset=&#8221;default&#8221; header_3_font=&#8221;Source Sans Pro|700|||||||&#8221; header_3_text_color=&#8221;#000000&#8243; custom_margin=&#8221;0px||0px||false|false&#8221; custom_padding=&#8221;0px||0px||false|false&#8221; global_colors_info=&#8221;{}&#8221;]<\/p>\n<h3><strong>Divulgaci\u00f3n de la Informaci\u00f3n<\/strong><\/h3>\n<p>[\/et_pb_text][et_pb_text _builder_version=&#8221;4.23.4&#8243; text_font=&#8221;Open Sans||||||||&#8221; text_text_color=&#8221;#7b7b7b&#8221; text_font_size=&#8221;19px&#8221; text_line_height=&#8221;1.8em&#8221; custom_margin=&#8221;30px||35px||false|false&#8221; custom_padding=&#8221;0px|0px|0px|0px|false|false&#8221; hover_enabled=&#8221;0&#8243; text_line_height_tablet=&#8221;1.6em&#8221; text_line_height_phone=&#8221;&#8221; text_line_height_last_edited=&#8221;on|tablet&#8221; global_colors_info=&#8221;{}&#8221; sticky_enabled=&#8221;0&#8243;]<\/p>\n<p>Ideas Premium Solutions, Inc\u00a0 puede divulgar informaci\u00f3n personal cuando se nos exige o creemos que es apropiado para cumplir con la ley (por ejemplo, una citaci\u00f3n legal, orden judicial u orden judicial); para hacer cumplir o aplicar estas Pol\u00edticas de Privacidad o nuestras otras pol\u00edticas o acuerdos; para iniciar, presentar, facturar y cobrar por los montos que se nos deben; para proteger nuestros derechos, propiedad o seguridad; para proteger a nuestros usuarios contra el uso fraudulento, abusivo o ilegal de los Servicios; o si creemos que una emergencia que implica el peligro de muerte o una lesi\u00f3n f\u00edsica grave a cualquier persona requiere o justifica la divulgaci\u00f3n de informaci\u00f3n personal.<\/p>\n<p>La informaci\u00f3n sobre nuestros clientes, incluida la informaci\u00f3n personal, puede divulgarse como parte de cualquier fusi\u00f3n, adquisici\u00f3n, financiaci\u00f3n de deuda, venta de activos de la empresa, as\u00ed como en caso de insolvencia, quiebra o administraci\u00f3n judicial en la que la informaci\u00f3n personal podr\u00eda transferirse a terceros. partes como uno de los activos comerciales de Ideas Premium Solutions, Inc. En tal caso, intentaremos notificarte antes de que se transfiera tu informaci\u00f3n personal, pero es posible que no tengas derecho a optar por dicha transferencia.<\/p>\n<p>[\/et_pb_text][et_pb_text _builder_version=&#8221;4.19.5&#8243; _module_preset=&#8221;default&#8221; header_3_font=&#8221;Source Sans Pro|700|||||||&#8221; header_3_text_color=&#8221;#000000&#8243; custom_margin=&#8221;0px||0px||false|false&#8221; custom_padding=&#8221;0px||0px||false|false&#8221; global_colors_info=&#8221;{}&#8221;]<\/p>\n<h3><strong>Uso de Cookies<\/strong><\/h3>\n<p>[\/et_pb_text][et_pb_text _builder_version=&#8221;4.23.4&#8243; text_font=&#8221;Open Sans||||||||&#8221; text_text_color=&#8221;#7b7b7b&#8221; text_font_size=&#8221;19px&#8221; text_line_height=&#8221;1.8em&#8221; custom_margin=&#8221;30px||35px||false|false&#8221; custom_padding=&#8221;0px|0px|0px|0px|false|false&#8221; text_line_height_tablet=&#8221;1.6em&#8221; text_line_height_phone=&#8221;&#8221; text_line_height_last_edited=&#8221;on|tablet&#8221; global_colors_info=&#8221;{}&#8221;]<\/p>\n<p>Nuestro sitio web puede usar \u201ccookies\u201d para ayudarlo a personalizar su experiencia en l\u00ednea. Una cookie es un archivo de texto que un servidor de p\u00e1gina web coloca en su disco duro. Las cookies no se pueden usar para ejecutar programas o enviar virus a su computadora. Las cookies se le asignan \u00fanicamente a usted, y solo puede ser le\u00eddo por un servidor web en el dominio que le emiti\u00f3 la cookie.<\/p>\n<p>Uno de los prop\u00f3sitos principales de las cookies es proporcionar una funci\u00f3n de conveniencia para ahorrarle tiempo. El prop\u00f3sito de una cookie es decirle al servidor web que ha regresado a una p\u00e1gina espec\u00edfica. Por ejemplo, si registra una cuenta con Plus Comply, una cookie nos ayuda a recordar su informaci\u00f3n espec\u00edfica en visitas posteriores. Esto simplifica el proceso de registrar su informaci\u00f3n personal, como direcciones de facturaci\u00f3n, direcciones de env\u00edo, etc. Cuando regrese a nuestro sitio web, se podr\u00e1 recuperar la informaci\u00f3n que proporcion\u00f3 anteriormente, para que pueda usar f\u00e1cilmente las funciones que personaliz\u00f3.<\/p>\n<p>Usted tiene la capacidad de aceptar o rechazar las cookies. La mayor\u00eda de los navegadores web aceptan autom\u00e1ticamente las cookies, pero generalmente puede modificar la configuraci\u00f3n de su navegador para rechazar las cookies, si as\u00ed lo prefiere. Si elige rechazar las cookies, es posible que no pueda disfrutar de las caracter\u00edsticas interactivas de los Servicios.<\/p>\n<p>[\/et_pb_text][et_pb_text _builder_version=&#8221;4.23.4&#8243; _module_preset=&#8221;default&#8221; text_font=&#8221;Open Sans||||||||&#8221; custom_margin=&#8221;5px||||false|false&#8221; custom_padding=&#8221;20px||||false|false&#8221; global_colors_info=&#8221;{}&#8221;]<span><span color=\"#000000\" size=\"4\"><span style=\"text-decoration: underline;\">\u00daltima actualizaci\u00f3n<\/span>: 01 de Junio de 2025<\/span><\/span>[\/et_pb_text][\/et_pb_column][\/et_pb_row][\/et_pb_section][et_pb_section fb_built=&#8221;1&#8243; module_class=&#8221;footerdivi&#8221; _builder_version=&#8221;3.17.6&#8243; background_color=&#8221;#eeeeee&#8221; custom_padding=&#8221;0|0px|51px|0px|false|false&#8221; animation_style=&#8221;fade&#8221; animation_duration=&#8221;2000ms&#8221; global_module=&#8221;1121&#8243; global_colors_info=&#8221;{}&#8221;][et_pb_row _builder_version=&#8221;4.16&#8243; global_colors_info=&#8221;{}&#8221;][et_pb_column type=&#8221;4_4&#8243; _builder_version=&#8221;4.16&#8243; custom_padding=&#8221;|||&#8221; global_colors_info=&#8221;{}&#8221; custom_padding__hover=&#8221;|||&#8221;][et_pb_button button_url=&#8221;https:\/\/pluscomply.com\/?page_id=879&#8243; button_text=&#8221;Ir a Planes de Membres\u00eda&#8221; button_alignment=&#8221;center&#8221; _builder_version=&#8221;4.16&#8243; background_layout=&#8221;dark&#8221; global_colors_info=&#8221;{}&#8221;][\/et_pb_button][et_pb_text _builder_version=&#8221;4.16&#8243; text_orientation=&#8221;center&#8221; global_colors_info=&#8221;{}&#8221;]<\/p>\n<p>&nbsp;<\/p>\n<p><a class=\"footerlink\" href=\"https:\/\/pluscomply.com\/?page_id=274\">Nosotros<\/a><a class=\"footerlink\" href=\"https:\/\/pluscomply.com\/?page_id=1187\">\u00a0 \u00a0 \u00a0 \u00a0Recursos\u00a0\u00a0<\/a><a class=\"footerlink\" href=\"https:\/\/pluscomply.com\/?page_id=2492\">\u00a0 \u00a0 \u00a0Soporte\u00a0\u00a0<\/a><a class=\"footerlink\" href=\"https:\/\/pluscomply.com\/?page_id=221\">\u00a0 \u00a0 \u00a0Cont\u00e1ctanos<\/a><\/p>\n<p>&nbsp;<\/p>\n<p>[\/et_pb_text][\/et_pb_column][\/et_pb_row][et_pb_row column_structure=&#8221;1_3,1_3,1_3&#8243; _builder_version=&#8221;4.16&#8243; custom_padding=&#8221;0|0px|27px|0px|false|false&#8221; global_colors_info=&#8221;{}&#8221;][et_pb_column type=&#8221;1_3&#8243; _builder_version=&#8221;4.16&#8243; custom_padding=&#8221;0px|||&#8221; global_colors_info=&#8221;{}&#8221; custom_padding__hover=&#8221;|||&#8221;][et_pb_code module_class=&#8221;SocialMedia&#8221; _builder_version=&#8221;4.16&#8243; custom_padding=&#8221;0px||&#8221; global_colors_info=&#8221;{}&#8221;]<\/p>\n<div style=\"width: 175px !important; display: block; margin: auto;\"><!-- [et_pb_line_break_holder] --><a class=\"rrsslink\" target=\"_blank\" rel=\"noopener noreferrer\"><img decoding=\"async\" src=\"\/wp-content\/uploads\/2019\/01\/93.png\"\/><\/a><!-- [et_pb_line_break_holder] --><a class=\"rrsslink\" target=\"_blank\" rel=\"noopener noreferrer\"><img decoding=\"async\" src=\"\/wp-content\/uploads\/2019\/01\/94.png\"\/><\/a><!-- [et_pb_line_break_holder] --><a class=\"rrsslink\" target=\"_blank\" rel=\"noopener noreferrer\"><img decoding=\"async\" src=\"\/wp-content\/uploads\/2019\/01\/95.png\"\/><\/a><!-- [et_pb_line_break_holder] --><a class=\"rrsslink\" target=\"_blank\" rel=\"noopener noreferrer\"><img decoding=\"async\" src=\"\/wp-content\/uploads\/2019\/01\/96.png\"\/><\/a><!-- [et_pb_line_break_holder] --><\/div>\n<p>[\/et_pb_code][\/et_pb_column][et_pb_column type=&#8221;1_3&#8243; _builder_version=&#8221;4.16&#8243; custom_padding=&#8221;|||&#8221; global_colors_info=&#8221;{}&#8221; custom_padding__hover=&#8221;|||&#8221;][et_pb_text _builder_version=&#8221;4.16&#8243; text_text_color=&#8221;#000000&#8243; text_font_size=&#8221;18px&#8221; header_3_font=&#8221;|700|||||||&#8221; header_3_font_size=&#8221;20px&#8221; header_3_font_size_tablet=&#8221;&#8221; header_3_font_size_phone=&#8221;&#8221; header_3_font_size_last_edited=&#8221;on|phone&#8221; global_colors_info=&#8221;{}&#8221;]<\/p>\n<h3 style=\"text-align: center;\"><strong>2019 IDEAS PUBLISHING SOLUTIONS (Plus Comply)<\/strong><\/h3>\n<p style=\"text-align: center;\">Estados Unidos<\/p>\n<p style=\"text-align: center;\">Todos los derechos reservados<\/p>\n<\/p>\n<p>[\/et_pb_text][et_pb_text _builder_version=&#8221;4.19.5&#8243; text_font_size=&#8221;18px&#8221; global_colors_info=&#8221;{}&#8221;]<\/p>\n<p style=\"text-align: center;\"><a href=\"https:\/\/pluscomply.com\/?page_id=3\" class=\"footerlink\">Pol\u00edticas de Privacidad<\/a>&nbsp; &nbsp; &nbsp;&nbsp;<a href=\"https:\/\/pluscomply.com\/?page_id=103\" class=\"footerlink\">T\u00e9rminos de Uso<\/a><\/p>\n<\/p>\n<p>[\/et_pb_text][\/et_pb_column][et_pb_column type=&#8221;1_3&#8243; _builder_version=&#8221;4.16&#8243; custom_padding=&#8221;|||&#8221; global_colors_info=&#8221;{}&#8221; custom_padding__hover=&#8221;|||&#8221;][\/et_pb_column][\/et_pb_row][\/et_pb_section]<\/p>\n","protected":false},"excerpt":{"rendered":"<p>En Plus Comply estamos consciente de que tus datos deben ser resguardados y protegidos con absoluta seriedad y compromiso. Es por eso que dise\u00f1amos nuestras pol\u00edticas de privacidad meticulosamente para garantizarte una excelente experiencia de usuario durante tu navegaci\u00f3n en nuestra web.<\/p>\n","protected":false},"author":6507,"featured_media":0,"parent":0,"menu_order":90,"comment_status":"closed","ping_status":"open","template":"","meta":{"_et_pb_use_builder":"on","_et_pb_old_content":"","_et_gb_content_width":"","footnotes":""},"ams_acf":[],"yoast_head":"<!-- This site is optimized with the Yoast SEO plugin v20.0 - https:\/\/yoast.com\/wordpress\/plugins\/seo\/ -->\n<title>Pol\u00edticas de Privacidad | Plus Comply<\/title>\n<meta name=\"description\" content=\"En Plus Comply protegemos y resguardamos tus datos por lo que dise\u00f1amos pol\u00edticas de privacidad para garantizarte la mejor experiencia de usuario.\" \/>\n<meta name=\"robots\" content=\"index, follow, max-snippet:-1, max-image-preview:large, max-video-preview:-1\" \/>\n<link rel=\"canonical\" href=\"https:\/\/pluscomply.com\/?page_id=3\" \/>\n<meta property=\"og:locale\" content=\"es_ES\" \/>\n<meta property=\"og:type\" content=\"article\" \/>\n<meta property=\"og:title\" content=\"Pol\u00edticas de Privacidad | Plus Comply\" \/>\n<meta property=\"og:description\" content=\"En Plus Comply protegemos y resguardamos tus datos por lo que dise\u00f1amos pol\u00edticas de privacidad para garantizarte la mejor experiencia de usuario.\" \/>\n<meta property=\"og:url\" content=\"https:\/\/pluscomply.com\/?page_id=3\" \/>\n<meta property=\"og:site_name\" content=\"Plus Comply\" \/>\n<meta property=\"article:publisher\" content=\"https:\/\/www.facebook.com\/pluscomplylive\" \/>\n<meta property=\"article:modified_time\" content=\"2025-06-20T15:33:15+00:00\" \/>\n<meta name=\"twitter:card\" content=\"summary_large_image\" \/>\n<meta name=\"twitter:site\" content=\"@pluscomplylive\" \/>\n<meta name=\"twitter:label1\" content=\"Tiempo de lectura\" \/>\n\t<meta name=\"twitter:data1\" content=\"11 minutos\" \/>\n<script type=\"application\/ld+json\" class=\"yoast-schema-graph\">{\"@context\":\"https:\/\/schema.org\",\"@graph\":[{\"@type\":\"WebPage\",\"@id\":\"https:\/\/pluscomply.com\/?page_id=3\",\"url\":\"https:\/\/pluscomply.com\/?page_id=3\",\"name\":\"Pol\u00edticas de Privacidad | Plus Comply\",\"isPartOf\":{\"@id\":\"https:\/\/pluscomply.com\/#website\"},\"datePublished\":\"2018-11-05T15:52:08+00:00\",\"dateModified\":\"2025-06-20T15:33:15+00:00\",\"description\":\"En Plus Comply protegemos y resguardamos tus datos por lo que dise\u00f1amos pol\u00edticas de privacidad para garantizarte la mejor experiencia de usuario.\",\"breadcrumb\":{\"@id\":\"https:\/\/pluscomply.com\/?page_id=3#breadcrumb\"},\"inLanguage\":\"es\",\"potentialAction\":[{\"@type\":\"ReadAction\",\"target\":[\"https:\/\/pluscomply.com\/?page_id=3\"]}]},{\"@type\":\"BreadcrumbList\",\"@id\":\"https:\/\/pluscomply.com\/?page_id=3#breadcrumb\",\"itemListElement\":[{\"@type\":\"ListItem\",\"position\":1,\"name\":\"Portada\",\"item\":\"https:\/\/pluscomply.com\/\"},{\"@type\":\"ListItem\",\"position\":2,\"name\":\"Pol\u00edticas de Privacidad\"}]},{\"@type\":\"WebSite\",\"@id\":\"https:\/\/pluscomply.com\/#website\",\"url\":\"https:\/\/pluscomply.com\/\",\"name\":\"Plus Comply\",\"description\":\"Capacitaci\u00f3n y Servicios en Compliance\",\"potentialAction\":[{\"@type\":\"SearchAction\",\"target\":{\"@type\":\"EntryPoint\",\"urlTemplate\":\"https:\/\/pluscomply.com\/?s={search_term_string}\"},\"query-input\":\"required name=search_term_string\"}],\"inLanguage\":\"es\"}]}<\/script>\n<!-- \/ Yoast SEO plugin. -->","yoast_head_json":{"title":"Pol\u00edticas de Privacidad | Plus Comply","description":"En Plus Comply protegemos y resguardamos tus datos por lo que dise\u00f1amos pol\u00edticas de privacidad para garantizarte la mejor experiencia de usuario.","robots":{"index":"index","follow":"follow","max-snippet":"max-snippet:-1","max-image-preview":"max-image-preview:large","max-video-preview":"max-video-preview:-1"},"canonical":"https:\/\/pluscomply.com\/?page_id=3","og_locale":"es_ES","og_type":"article","og_title":"Pol\u00edticas de Privacidad | Plus Comply","og_description":"En Plus Comply protegemos y resguardamos tus datos por lo que dise\u00f1amos pol\u00edticas de privacidad para garantizarte la mejor experiencia de usuario.","og_url":"https:\/\/pluscomply.com\/?page_id=3","og_site_name":"Plus Comply","article_publisher":"https:\/\/www.facebook.com\/pluscomplylive","article_modified_time":"2025-06-20T15:33:15+00:00","twitter_card":"summary_large_image","twitter_site":"@pluscomplylive","twitter_misc":{"Tiempo de lectura":"11 minutos"},"schema":{"@context":"https:\/\/schema.org","@graph":[{"@type":"WebPage","@id":"https:\/\/pluscomply.com\/?page_id=3","url":"https:\/\/pluscomply.com\/?page_id=3","name":"Pol\u00edticas de Privacidad | Plus Comply","isPartOf":{"@id":"https:\/\/pluscomply.com\/#website"},"datePublished":"2018-11-05T15:52:08+00:00","dateModified":"2025-06-20T15:33:15+00:00","description":"En Plus Comply protegemos y resguardamos tus datos por lo que dise\u00f1amos pol\u00edticas de privacidad para garantizarte la mejor experiencia de usuario.","breadcrumb":{"@id":"https:\/\/pluscomply.com\/?page_id=3#breadcrumb"},"inLanguage":"es","potentialAction":[{"@type":"ReadAction","target":["https:\/\/pluscomply.com\/?page_id=3"]}]},{"@type":"BreadcrumbList","@id":"https:\/\/pluscomply.com\/?page_id=3#breadcrumb","itemListElement":[{"@type":"ListItem","position":1,"name":"Portada","item":"https:\/\/pluscomply.com\/"},{"@type":"ListItem","position":2,"name":"Pol\u00edticas de Privacidad"}]},{"@type":"WebSite","@id":"https:\/\/pluscomply.com\/#website","url":"https:\/\/pluscomply.com\/","name":"Plus Comply","description":"Capacitaci\u00f3n y Servicios en Compliance","potentialAction":[{"@type":"SearchAction","target":{"@type":"EntryPoint","urlTemplate":"https:\/\/pluscomply.com\/?s={search_term_string}"},"query-input":"required name=search_term_string"}],"inLanguage":"es"}]}},"_links":{"self":[{"href":"https:\/\/pluscomply.com\/index.php?rest_route=\/wp\/v2\/pages\/3"}],"collection":[{"href":"https:\/\/pluscomply.com\/index.php?rest_route=\/wp\/v2\/pages"}],"about":[{"href":"https:\/\/pluscomply.com\/index.php?rest_route=\/wp\/v2\/types\/page"}],"author":[{"embeddable":true,"href":"https:\/\/pluscomply.com\/index.php?rest_route=\/wp\/v2\/users\/6507"}],"replies":[{"embeddable":true,"href":"https:\/\/pluscomply.com\/index.php?rest_route=%2Fwp%2Fv2%2Fcomments&post=3"}],"version-history":[{"count":38,"href":"https:\/\/pluscomply.com\/index.php?rest_route=\/wp\/v2\/pages\/3\/revisions"}],"predecessor-version":[{"id":25676,"href":"https:\/\/pluscomply.com\/index.php?rest_route=\/wp\/v2\/pages\/3\/revisions\/25676"}],"wp:attachment":[{"href":"https:\/\/pluscomply.com\/index.php?rest_route=%2Fwp%2Fv2%2Fmedia&parent=3"}],"curies":[{"name":"wp","href":"https:\/\/api.w.org\/{rel}","templated":true}]}}